{"id":17746,"date":"2025-03-27T11:55:37","date_gmt":"2025-03-27T10:55:37","guid":{"rendered":"https:\/\/plataformavoluntariat.org\/formacion-basica-lectura-facil\/"},"modified":"2025-03-31T10:31:57","modified_gmt":"2025-03-31T09:31:57","slug":"formacion-basica-lectura-facil","status":"publish","type":"page","link":"https:\/\/plataformavoluntariat.org\/es\/formacion-basica-lectura-facil\/","title":{"rendered":"Formaci\u00f3n B\u00e1sica &#8211; Lectura F\u00e1cil"},"content":{"rendered":"<p>[et_pb_section fb_built=\u00bb1&#8243; fullwidth=\u00bbon\u00bb _builder_version=\u00bb4.16&#8243; global_colors_info=\u00bb{}\u00bb theme_builder_area=\u00bbpost_content\u00bb][et_pb_fullwidth_header title=\u00bbFormaci\u00f3n B\u00e1sica del Voluntariado &#8211; Lectura F\u00e1cil\u00bb text_orientation=\u00bbcenter\u00bb _builder_version=\u00bb4.26.1&#8243; _module_preset=\u00bbdefault\u00bb title_font=\u00bb&#8211;et_global_heading_font|600|||||||\u00bb title_font_size=\u00bb50px\u00bb background_color=\u00bbRGBA(255,255,255,0)\u00bb background_image=\u00bbhttps:\/\/plataformavoluntariat.org\/wp-content\/uploads\/2024\/07\/formacio-basica-1.png\u00bb parallax=\u00bbon\u00bb height_tablet=\u00bb\u00bb height_phone=\u00bb\u00bb height_last_edited=\u00bbon|phone\u00bb global_colors_info=\u00bb{}\u00bb theme_builder_area=\u00bbpost_content\u00bb][\/et_pb_fullwidth_header][\/et_pb_section][et_pb_section fb_built=\u00bb1&#8243; _builder_version=\u00bb4.27.4&#8243; global_colors_info=\u00bb{}\u00bb theme_builder_area=\u00bbpost_content\u00bb][et_pb_row _builder_version=\u00bb4.16&#8243; background_size=\u00bbinitial\u00bb background_position=\u00bbtop_left\u00bb background_repeat=\u00bbrepeat\u00bb global_colors_info=\u00bb{}\u00bb theme_builder_area=\u00bbpost_content\u00bb][et_pb_column type=\u00bb4_4&#8243; _builder_version=\u00bb4.16&#8243; custom_padding=\u00bb|||\u00bb global_colors_info=\u00bb{}\u00bb custom_padding__hover=\u00bb|||\u00bb theme_builder_area=\u00bbpost_content\u00bb][et_pb_text admin_label=\u00bbInformaci\u00f3 i properes formacions\u00bb _builder_version=\u00bb4.27.4&#8243; custom_padding=\u00bb||0px|||\u00bb hover_enabled=\u00bb0&#8243; z_index_tablet=\u00bb500&#8243; text_text_shadow_horizontal_length_tablet=\u00bb0px\u00bb text_text_shadow_vertical_length_tablet=\u00bb0px\u00bb text_text_shadow_blur_strength_tablet=\u00bb1px\u00bb link_text_shadow_horizontal_length_tablet=\u00bb0px\u00bb link_text_shadow_vertical_length_tablet=\u00bb0px\u00bb link_text_shadow_blur_strength_tablet=\u00bb1px\u00bb ul_text_shadow_horizontal_length_tablet=\u00bb0px\u00bb ul_text_shadow_vertical_length_tablet=\u00bb0px\u00bb ul_text_shadow_blur_strength_tablet=\u00bb1px\u00bb ol_text_shadow_horizontal_length_tablet=\u00bb0px\u00bb ol_text_shadow_vertical_length_tablet=\u00bb0px\u00bb ol_text_shadow_blur_strength_tablet=\u00bb1px\u00bb quote_text_shadow_horizontal_length_tablet=\u00bb0px\u00bb quote_text_shadow_vertical_length_tablet=\u00bb0px\u00bb quote_text_shadow_blur_strength_tablet=\u00bb1px\u00bb header_text_shadow_horizontal_length_tablet=\u00bb0px\u00bb header_text_shadow_vertical_length_tablet=\u00bb0px\u00bb header_text_shadow_blur_strength_tablet=\u00bb1px\u00bb header_2_text_shadow_horizontal_length_tablet=\u00bb0px\u00bb header_2_text_shadow_vertical_length_tablet=\u00bb0px\u00bb header_2_text_shadow_blur_strength_tablet=\u00bb1px\u00bb header_3_text_shadow_horizontal_length_tablet=\u00bb0px\u00bb header_3_text_shadow_vertical_length_tablet=\u00bb0px\u00bb header_3_text_shadow_blur_strength_tablet=\u00bb1px\u00bb header_4_text_shadow_horizontal_length_tablet=\u00bb0px\u00bb header_4_text_shadow_vertical_length_tablet=\u00bb0px\u00bb header_4_text_shadow_blur_strength_tablet=\u00bb1px\u00bb header_5_text_shadow_horizontal_length_tablet=\u00bb0px\u00bb header_5_text_shadow_vertical_length_tablet=\u00bb0px\u00bb header_5_text_shadow_blur_strength_tablet=\u00bb1px\u00bb header_6_text_shadow_horizontal_length_tablet=\u00bb0px\u00bb header_6_text_shadow_vertical_length_tablet=\u00bb0px\u00bb header_6_text_shadow_blur_strength_tablet=\u00bb1px\u00bb box_shadow_horizontal_tablet=\u00bb0px\u00bb box_shadow_vertical_tablet=\u00bb0px\u00bb box_shadow_blur_tablet=\u00bb40px\u00bb box_shadow_spread_tablet=\u00bb0px\u00bb global_colors_info=\u00bb{}\u00bb theme_builder_area=\u00bbpost_content\u00bb sticky_enabled=\u00bb0&#8243;]<\/p>\n<h4><strong><\/strong><\/h4>\n<h4><strong>Informaci\u00f3n de la formaci\u00f3n:<\/strong><\/h4>\n<p>Esta formaci\u00f3n que puede realizarse de forma aut\u00f3noma y libre, extrae las principales ideas de la Formaci\u00f3n B\u00e1sica, para que cualquier persona, independiente de sus capacidades y caracter\u00edsticas pueda conocer e iniciarse en el voluntariado.<\/p>\n<p>La formaci\u00f3n consta de 8 p\u00e1ginas correspondiente a cada tema, donde se encontrar\u00e1 una presentaci\u00f3n de contenidos y una autoevaluaci\u00f3n. Al finalizar la formaci\u00f3n se puede realizar una evaluaci\u00f3n de la misma y solicitar un certificado. <\/p>\n<p>Esta formaci\u00f3n ha sido realizada entre Menci\u00f3n y la Plataforma del Voluntariado de las Islas Baleares, adaptando el lenguaje y el contenido a la lectura f\u00e1cil. <\/p>\n<p>Para realizar la formaci\u00f3n le pedimos rellenar el siguiente cuestionario con sus datos personales y si forma parte de alguna entidad. Cuando haya cumplimentado el cuestionario ver\u00e1 el enlace de la formaci\u00f3n en pantalla y al correo en caso de haberlo facilitado.  <\/p>\n<p>[\/et_pb_text][\/et_pb_column][\/et_pb_row][\/et_pb_section][et_pb_section fb_built=\u00bb1&#8243; _builder_version=\u00bb4.16&#8243; background_image=\u00bbhttps:\/\/plataformavoluntariat.org\/wp-content\/uploads\/2019\/06\/classroom-2104691_1920.jpg\u00bb parallax=\u00bbon\u00bb parallax_method=\u00bboff\u00bb inner_width_tablet=\u00bb50px\u00bb inner_max_width_tablet=\u00bb100px\u00bb inner_max_width_phone=\u00bb50px\u00bb custom_margin=\u00bb||50px|\u00bb z_index_tablet=\u00bb500&#8243; box_shadow_horizontal_tablet=\u00bb0px\u00bb box_shadow_vertical_tablet=\u00bb0px\u00bb box_shadow_blur_tablet=\u00bb40px\u00bb box_shadow_spread_tablet=\u00bb0px\u00bb global_colors_info=\u00bb{}\u00bb theme_builder_area=\u00bbpost_content\u00bb][et_pb_row _builder_version=\u00bb4.16&#8243; max_width_last_edited=\u00bboff|\u00bb module_alignment=\u00bbcenter\u00bb z_index_tablet=\u00bb500&#8243; box_shadow_horizontal_tablet=\u00bb0px\u00bb box_shadow_vertical_tablet=\u00bb0px\u00bb box_shadow_blur_tablet=\u00bb40px\u00bb box_shadow_spread_tablet=\u00bb0px\u00bb global_colors_info=\u00bb{}\u00bb theme_builder_area=\u00bbpost_content\u00bb][et_pb_column type=\u00bb4_4&#8243; _builder_version=\u00bb4.16&#8243; custom_padding=\u00bb|||\u00bb global_colors_info=\u00bb{}\u00bb custom_padding__hover=\u00bb|||\u00bb theme_builder_area=\u00bbpost_content\u00bb][et_pb_code admin_label=\u00bbFormulari Inscripci\u00f3\u00bb _builder_version=\u00bb4.27.4&#8243; text_orientation=\u00bbcenter\u00bb hover_enabled=\u00bb0&#8243; z_index_tablet=\u00bb500&#8243; global_colors_info=\u00bb{}\u00bb theme_builder_area=\u00bbpost_content\u00bb sticky_enabled=\u00bb0&#8243;]<iframe loading=\"lazy\" src=\"https:\/\/docs.google.com\/forms\/d\/e\/1FAIpQLSeZd1xZWe60iDGp_5KGE7GVXZSj_rYVm82lGC0XytobwbXCHQ\/viewform?embedded=true\" width=\"800\" height=\"800\" frameborder=\"0\" marginheight=\"0\" marginwidth=\"0\">Cargando\u2026<\/iframe>[\/et_pb_code][\/et_pb_column][\/et_pb_row][\/et_pb_section]<\/p>\n","protected":false},"excerpt":{"rendered":"<p>Informaci\u00f3n de la formaci\u00f3n: Esta formaci\u00f3n que puede realizarse de forma aut\u00f3noma y libre, extrae las principales ideas de la Formaci\u00f3n B\u00e1sica, para que cualquier persona, independiente de sus capacidades y caracter\u00edsticas pueda conocer e iniciarse en el voluntariado. La formaci\u00f3n consta de 8 p\u00e1ginas correspondiente a cada tema, donde se encontrar\u00e1 una presentaci\u00f3n de contenidos y una autoevaluaci\u00f3n. Al finalizar la formaci\u00f3n se puede realizar una evaluaci\u00f3n de la misma y solicitar un certificado. Esta formaci\u00f3n ha sido realizada entre Menci\u00f3n y la Plataforma del Voluntariado de las Islas Baleares, adaptando el lenguaje y el contenido a la lectura f\u00e1cil. Para realizar la formaci\u00f3n le pedimos rellenar el siguiente cuestionario con sus datos personales y si forma parte de alguna entidad. Cuando haya cumplimentado el cuestionario ver\u00e1 el enlace de la formaci\u00f3n en pantalla y al correo en caso de haberlo facilitado.<\/p>\n","protected":false},"author":3,"featured_media":0,"parent":0,"menu_order":0,"comment_status":"closed","ping_status":"closed","template":"","meta":{"_acf_changed":false,"_et_pb_use_builder":"on","_et_pb_old_content":"","_et_gb_content_width":"","_monsterinsights_skip_tracking":false,"_monsterinsights_sitenote_active":false,"_monsterinsights_sitenote_note":"","_monsterinsights_sitenote_category":0,"footnotes":""},"class_list":["post-17746","page","type-page","status-publish","hentry"],"acf":[],"_links":{"self":[{"href":"https:\/\/plataformavoluntariat.org\/es\/wp-json\/wp\/v2\/pages\/17746","targetHints":{"allow":["GET"]}}],"collection":[{"href":"https:\/\/plataformavoluntariat.org\/es\/wp-json\/wp\/v2\/pages"}],"about":[{"href":"https:\/\/plataformavoluntariat.org\/es\/wp-json\/wp\/v2\/types\/page"}],"author":[{"embeddable":true,"href":"https:\/\/plataformavoluntariat.org\/es\/wp-json\/wp\/v2\/users\/3"}],"replies":[{"embeddable":true,"href":"https:\/\/plataformavoluntariat.org\/es\/wp-json\/wp\/v2\/comments?post=17746"}],"version-history":[{"count":2,"href":"https:\/\/plataformavoluntariat.org\/es\/wp-json\/wp\/v2\/pages\/17746\/revisions"}],"predecessor-version":[{"id":17748,"href":"https:\/\/plataformavoluntariat.org\/es\/wp-json\/wp\/v2\/pages\/17746\/revisions\/17748"}],"wp:attachment":[{"href":"https:\/\/plataformavoluntariat.org\/es\/wp-json\/wp\/v2\/media?parent=17746"}],"curies":[{"name":"wp","href":"https:\/\/api.w.org\/{rel}","templated":true}]}}