{"id":17382,"date":"2024-10-17T09:56:56","date_gmt":"2024-10-17T08:56:56","guid":{"rendered":"https:\/\/plataformavoluntariat.org\/sensibilizacion-y-promocion\/"},"modified":"2024-10-17T10:01:23","modified_gmt":"2024-10-17T09:01:23","slug":"sensibilizacion-y-promocion","status":"publish","type":"page","link":"https:\/\/plataformavoluntariat.org\/es\/sensibilizacion-y-promocion\/","title":{"rendered":"Sensibilizaci\u00f3n y promoci\u00f3n"},"content":{"rendered":"<p>[et_pb_section fb_built=\u00bb1&#8243; fullwidth=\u00bbon\u00bb _builder_version=\u00bb4.27.0&#8243; global_colors_info=\u00bb{}\u00bb][et_pb_fullwidth_header title=\u00bbSensibilizaci\u00f3n y promoci\u00f3n\u00bb text_orientation=\u00bbcenter\u00bb _builder_version=\u00bb4.27.2&#8243; _module_preset=\u00bbdefault\u00bb title_font=\u00bb&#8211;et_global_heading_font|600|||||||\u00bb title_font_size=\u00bb50px\u00bb background_color=\u00bbRGBA(255,255,255,0)\u00bb background_image=\u00bbhttps:\/\/plataformavoluntariat.org\/wp-content\/uploads\/2024\/10\/informacio-i-assessorament.png\u00bb parallax=\u00bbon\u00bb height_tablet=\u00bb\u00bb height_phone=\u00bb\u00bb height_last_edited=\u00bbon|phone\u00bb global_colors_info=\u00bb{}\u00bb][\/et_pb_fullwidth_header][\/et_pb_section][et_pb_section fb_built=\u00bb1&#8243; _builder_version=\u00bb4.19.5&#8243; global_colors_info=\u00bb{}\u00bb][et_pb_row _builder_version=\u00bb4.27.0&#8243; _module_preset=\u00bbdefault\u00bb global_colors_info=\u00bb{}\u00bb][et_pb_column type=\u00bb4_4&#8243; _builder_version=\u00bb4.27.0&#8243; _module_preset=\u00bbdefault\u00bb global_colors_info=\u00bb{}\u00bb][et_pb_text _builder_version=\u00bb4.27.0&#8243; _module_preset=\u00bbdefault\u00bb global_colors_info=\u00bb{}\u00bb]<\/p>\n<p style=\"text-align: justify;\">La Plataforma del Voluntariado realiza acciones de sensibilizaci\u00f3n y promoci\u00f3n del voluntariado entre la ciudadan\u00eda de las Illes Balears, de forma general en la sociedad o con acciones espec\u00edficas por colectivos, como centros escolares, alumnado universitario, responsables de la Administraci\u00f3n,&#8230;<\/p>\n<p>[\/et_pb_text][\/et_pb_column][\/et_pb_row][\/et_pb_section][et_pb_section fb_built=\u00bb1&#8243; _builder_version=\u00bb4.27.2&#8243; background_image=\u00bbhttps:\/\/plataformavoluntariat.org\/wp-content\/uploads\/2024\/10\/banner-mapa-E-1.png\u00bb parallax=\u00bbon\u00bb parallax_method=\u00bboff\u00bb inner_width_tablet=\u00bb50px\u00bb inner_max_width_tablet=\u00bb100px\u00bb inner_max_width_phone=\u00bb50px\u00bb custom_margin=\u00bb||50px|\u00bb z_index_tablet=\u00bb500&#8243; box_shadow_horizontal_tablet=\u00bb0px\u00bb box_shadow_vertical_tablet=\u00bb0px\u00bb box_shadow_blur_tablet=\u00bb40px\u00bb box_shadow_spread_tablet=\u00bb0px\u00bb global_colors_info=\u00bb{}\u00bb][et_pb_row column_structure=\u00bb1_4,3_4&#8243; _builder_version=\u00bb4.27.2&#8243; _module_preset=\u00bbdefault\u00bb background_color=\u00bbrgba(255,255,255,0.9)\u00bb custom_margin=\u00bb||10px||false|false\u00bb custom_padding=\u00bb0px||0px||false|false\u00bb animation_direction=\u00bbleft\u00bb border_color_bottom=\u00bbRGBA(255,255,255,0)\u00bb global_colors_info=\u00bb{}\u00bb][et_pb_column type=\u00bb1_4&#8243; _builder_version=\u00bb4.27.0&#8243; _module_preset=\u00bbdefault\u00bb global_colors_info=\u00bb{}\u00bb][et_pb_image src=\u00bbhttps:\/\/plataformavoluntariat.org\/wp-content\/uploads\/2024\/10\/20241005_111203-scaled.jpg\u00bb title_text=\u00bb20241005_111203&#8243; align=\u00bbcenter\u00bb _builder_version=\u00bb4.27.2&#8243; _module_preset=\u00bbdefault\u00bb module_alignment=\u00bbleft\u00bb height=\u00bb300px\u00bb global_colors_info=\u00bb{}\u00bb][\/et_pb_image][\/et_pb_column][et_pb_column type=\u00bb3_4&#8243; _builder_version=\u00bb4.27.0&#8243; _module_preset=\u00bbdefault\u00bb global_colors_info=\u00bb{}\u00bb][et_pb_text _builder_version=\u00bb4.27.2&#8243; _module_preset=\u00bbdefault\u00bb text_font_size=\u00bb18px\u00bb background_color=\u00bbRGBA(255,255,255,0)\u00bb width=\u00bb100%\u00bb min_height=\u00bb94.2px\u00bb custom_margin=\u00bb|||0px|false|false\u00bb custom_padding=\u00bb|20px||10px|false|false\u00bb global_colors_info=\u00bb{}\u00bb]<\/p>\n<p style=\"text-align: justify;\"><span><\/span><\/p>\n<h3 style=\"text-align: center;\"><span>PUNTOS DE INFORMACI\u00d3N<\/span><\/h3>\n<p style=\"text-align: justify;\">Encontrar\u00e1s mesas informativas en ferias de entidades sociales, actos p\u00fablicos del tejido asociativo, mercados sociales y actuaciones dirigidas a la poblaci\u00f3n general, donde podr\u00e1s pedir lo que necesites sobre voluntariado y conocer m\u00e1s de la acci\u00f3n solidaria que realizan las entidades.<\/p>\n<p style=\"text-align: justify;\">Adem\u00e1s, la Plataforma del Voluntariado impulsa diadas y feria del Voluntarit enmarcadas con fechas significativas como el D\u00eda Internacional del Voluntariado en torno al 5 de diciembre o la Semana del Voluntariado en mayo.<\/p>\n<p>[\/et_pb_text][\/et_pb_column][\/et_pb_row][et_pb_row column_structure=\u00bb3_4,1_4&#8243; _builder_version=\u00bb4.27.2&#8243; _module_preset=\u00bbdefault\u00bb background_color=\u00bbrgba(255,255,255,0.9)\u00bb custom_margin=\u00bb||10px||false|false\u00bb custom_padding=\u00bb0px||0px||false|false\u00bb border_color_bottom=\u00bbRGBA(255,255,255,0)\u00bb global_colors_info=\u00bb{}\u00bb][et_pb_column type=\u00bb3_4&#8243; _builder_version=\u00bb4.27.0&#8243; _module_preset=\u00bbdefault\u00bb global_colors_info=\u00bb{}\u00bb][et_pb_text _builder_version=\u00bb4.27.2&#8243; _module_preset=\u00bbdefault\u00bb text_text_color=\u00bb#000000&#8243; text_font_size=\u00bb18px\u00bb background_color=\u00bbRGBA(255,255,255,0)\u00bb width=\u00bb100%\u00bb min_height=\u00bb94.2px\u00bb custom_margin=\u00bb|||0px|false|false\u00bb custom_padding=\u00bb|10px||20px|false|false\u00bb global_colors_info=\u00bb{}\u00bb]<\/p>\n<p style=\"text-align: justify;\"><span><\/span><\/p>\n<div style=\"text-align: justify;\">\n<p><span><\/span><\/p>\n<h3 style=\"text-align: center;\"><span>MESAS REDONDAS<\/span><\/h3>\n<p><span>De forma puntual se ofrecen mesas redondas en las que se habla de la acci\u00f3n voluntaria y solidaria y diferentes aspectos o materias relacionadas, con la participaci\u00f3n de personas de amplio recorrido seg\u00fan cada tem\u00e1tica.<\/span><span><\/span><\/p>\n<p><span>Por estar al d\u00eda de las mesas redondas que se realizar\u00e1n puedes ver las siguientes actividades en las <a href=\"https:\/\/www.instagram.com\/plataformavoluntariat\/\" target=\"_blank\" rel=\"noopener\">redes sociales de la Plataforma<\/a>.<\/span><\/p>\n<\/div>\n<p>[\/et_pb_text][\/et_pb_column][et_pb_column type=\u00bb1_4&#8243; _builder_version=\u00bb4.27.0&#8243; _module_preset=\u00bbdefault\u00bb global_colors_info=\u00bb{}\u00bb][et_pb_image src=\u00bbhttps:\/\/plataformavoluntariat.org\/wp-content\/uploads\/2024\/10\/20231205_110011-scaled.jpg\u00bb title_text=\u00bb20231205_110011&#8243; align=\u00bbcenter\u00bb _builder_version=\u00bb4.27.2&#8243; _module_preset=\u00bbdefault\u00bb height=\u00bb300px\u00bb hover_enabled=\u00bb0&#8243; global_colors_info=\u00bb{}\u00bb sticky_enabled=\u00bb0&#8243; custom_padding=\u00bb|||2px||\u00bb custom_margin=\u00bb|||55px||\u00bb][\/et_pb_image][\/et_pb_column][\/et_pb_row][et_pb_row column_structure=\u00bb1_3,2_3&#8243; _builder_version=\u00bb4.27.2&#8243; _module_preset=\u00bbdefault\u00bb background_color=\u00bbrgba(255,255,255,0.9)\u00bb custom_margin=\u00bb||10px||false|false\u00bb custom_padding=\u00bb0px||0px||false|false\u00bb animation_direction=\u00bbleft\u00bb border_color_bottom=\u00bbRGBA(255,255,255,0)\u00bb global_colors_info=\u00bb{}\u00bb][et_pb_column type=\u00bb1_3&#8243; _builder_version=\u00bb4.27.0&#8243; _module_preset=\u00bbdefault\u00bb global_colors_info=\u00bb{}\u00bb][et_pb_image src=\u00bbhttps:\/\/plataformavoluntariat.org\/wp-content\/uploads\/2024\/10\/WhatsApp-Image-2024-04-16-at-15.52.13-300&#215;225.jpeg\u00bb title_text=\u00bbWhatsApp Image 2024-04-16 at 15.52.13&#8243; align=\u00bbcenter\u00bb _builder_version=\u00bb4.27.2&#8243; _module_preset=\u00bbdefault\u00bb module_alignment=\u00bbleft\u00bb height=\u00bb300px\u00bb global_colors_info=\u00bb{}\u00bb][\/et_pb_image][\/et_pb_column][et_pb_column type=\u00bb2_3&#8243; _builder_version=\u00bb4.27.0&#8243; _module_preset=\u00bbdefault\u00bb global_colors_info=\u00bb{}\u00bb][et_pb_text _builder_version=\u00bb4.27.2&#8243; _module_preset=\u00bbdefault\u00bb text_font_size=\u00bb18px\u00bb background_color=\u00bbRGBA(255,255,255,0)\u00bb width=\u00bb100%\u00bb min_height=\u00bb94.2px\u00bb custom_margin=\u00bb|||0px|false|false\u00bb custom_padding=\u00bb|20px||10px|false|false\u00bb global_colors_info=\u00bb{}\u00bb]<\/p>\n<p style=\"text-align: justify;\"><span><\/span><\/p>\n<h3 style=\"text-align: center;\"><span>CHARLAS EN CENTROS EDUCATIVOS<\/span><\/h3>\n<p style=\"text-align: justify;\">Bajo demanda de centros educativos de cualquier nivel a partir de secundaria, se ofrecen charlas dirigidas a sensibilizar al alumnado y apoyo al profesorado por el impulso de acciones solidarias y proyectos de Aprendizaje y Servicio a los centros educativos con la colaboraci\u00f3n entidades sociales. <\/p>\n<p style=\"text-align: justify;\">[\/et_pb_text][et_pb_button button_url=\u00bb@ET-DC@eyJkeW5hbWljIjp0cnVlLCJjb250ZW50IjoicG9zdF9saW5rX3VybF9wYWdlIiwic2V0dGluZ3MiOnsicG9zdF9pZCI6IjE3MTY3IiwiZW5hYmxlX2h0bWwiOiJvZmYifX0=@\u00bb button_text=\u00bbM\u00e1s informaci\u00f3n\u00bb button_alignment=\u00bbcenter\u00bb _builder_version=\u00bb4.27.2&#8243; _dynamic_attributes=\u00bbbutton_url\u00bb _module_preset=\u00bbdefault\u00bb custom_button=\u00bbon\u00bb button_border_radius=\u00bb10px\u00bb background_layout=\u00bbdark\u00bb global_colors_info=\u00bb{}\u00bb][\/et_pb_button][\/et_pb_column][\/et_pb_row][et_pb_row column_structure=\u00bb3_4,1_4&#8243; _builder_version=\u00bb4.27.2&#8243; _module_preset=\u00bbdefault\u00bb background_color=\u00bbrgba(255,255,255,0.9)\u00bb custom_margin=\u00bb||10px||false|false\u00bb custom_padding=\u00bb0px||0px||false|false\u00bb border_color_bottom=\u00bbRGBA(255,255,255,0)\u00bb global_colors_info=\u00bb{}\u00bb][et_pb_column type=\u00bb3_4&#8243; _builder_version=\u00bb4.27.0&#8243; _module_preset=\u00bbdefault\u00bb global_colors_info=\u00bb{}\u00bb][et_pb_text _builder_version=\u00bb4.27.2&#8243; _module_preset=\u00bbdefault\u00bb text_text_color=\u00bb#000000&#8243; text_font_size=\u00bb18px\u00bb background_color=\u00bbRGBA(255,255,255,0)\u00bb width=\u00bb100%\u00bb min_height=\u00bb94.2px\u00bb custom_margin=\u00bb|||0px|false|false\u00bb custom_padding=\u00bb|10px||20px|false|false\u00bb hover_enabled=\u00bb0&#8243; global_colors_info=\u00bb{}\u00bb sticky_enabled=\u00bb0&#8243;]<\/p>\n<p style=\"text-align: justify;\"><span><\/span><\/p>\n<div style=\"text-align: justify;\">\n<p><span><\/span><\/p>\n<h3 style=\"text-align: center;\"><span>MATERIAL AUDIOVISUAL<\/span><\/h3>\n<p><span>Desde v\u00eddeos de divulgaci\u00f3n y reflexi\u00f3n sobre el voluntariado, a animaciones informativas para personas interesadas en hacer voluntariado, as\u00ed como testimonios y experiencias de personas voluntarias. En nuestro canal de Youtube podr\u00e1s encontrar todo el material audiovisual que seguimos creando desde la Plataforma del Voluntariat. <\/span><\/p>\n<p><span><\/span><\/p>\n<\/div>\n<p>[\/et_pb_text][et_pb_button button_url=\u00bbhttps:\/\/www.youtube.com\/@plataformavoluntariat\u00bb button_text=\u00bbAcceso al Canal de Youtube\u00bb button_alignment=\u00bbcenter\u00bb _builder_version=\u00bb4.27.2&#8243; _module_preset=\u00bbdefault\u00bb custom_button=\u00bbon\u00bb button_border_radius=\u00bb10px\u00bb background_layout=\u00bbdark\u00bb hover_enabled=\u00bb0&#8243; global_colors_info=\u00bb{}\u00bb sticky_enabled=\u00bb0&#8243;][\/et_pb_button][\/et_pb_column][et_pb_column type=\u00bb1_4&#8243; _builder_version=\u00bb4.27.0&#8243; _module_preset=\u00bbdefault\u00bb global_colors_info=\u00bb{}\u00bb][et_pb_image title_text=\u00bbVideos\u00bb align=\u00bbcenter\u00bb _builder_version=\u00bb4.27.2&#8243; _module_preset=\u00bbdefault\u00bb height=\u00bb300px\u00bb hover_enabled=\u00bb0&#8243; global_colors_info=\u00bb{}\u00bb src=\u00bbhttps:\/\/plataformavoluntariat.org\/wp-content\/uploads\/2024\/10\/Captura-de-pantalla-2024-10-17-105306.jpg\u00bb sticky_enabled=\u00bb0&#8243; width=\u00bb100%\u00bb][\/et_pb_image][\/et_pb_column][\/et_pb_row][\/et_pb_section]<\/p>\n","protected":false},"excerpt":{"rendered":"<p>La Plataforma del Voluntariado realiza acciones de sensibilizaci\u00f3n y promoci\u00f3n del voluntariado entre la ciudadan\u00eda de las Illes Balears, de forma general en la sociedad o con acciones espec\u00edficas por colectivos, como centros escolares, alumnado universitario, responsables de la Administraci\u00f3n,&#8230; PUNTOS DE INFORMACI\u00d3N Encontrar\u00e1s mesas informativas en ferias de entidades sociales, actos p\u00fablicos del tejido asociativo, mercados sociales y actuaciones dirigidas a la poblaci\u00f3n general, donde podr\u00e1s pedir lo que necesites sobre voluntariado y conocer m\u00e1s de la acci\u00f3n solidaria que realizan las entidades. Adem\u00e1s, la Plataforma del Voluntariado impulsa diadas y feria del Voluntarit enmarcadas con fechas significativas como el D\u00eda Internacional del Voluntariado en torno al 5 de diciembre o la Semana del Voluntariado en mayo. MESAS REDONDAS De forma puntual se ofrecen mesas redondas en las que se habla de la acci\u00f3n voluntaria y solidaria y diferentes aspectos o materias relacionadas, con la participaci\u00f3n de personas de amplio recorrido seg\u00fan cada tem\u00e1tica. Por estar al d\u00eda de las mesas redondas que se realizar\u00e1n puedes ver las siguientes actividades en las redes sociales de la Plataforma. CHARLAS EN CENTROS EDUCATIVOS Bajo demanda de centros educativos de cualquier nivel a partir de secundaria, se ofrecen charlas dirigidas a sensibilizar [&hellip;]<\/p>\n","protected":false},"author":3,"featured_media":0,"parent":0,"menu_order":0,"comment_status":"closed","ping_status":"closed","template":"","meta":{"_acf_changed":false,"_et_pb_use_builder":"on","_et_pb_old_content":"","_et_gb_content_width":"","_monsterinsights_skip_tracking":false,"_monsterinsights_sitenote_active":false,"_monsterinsights_sitenote_note":"","_monsterinsights_sitenote_category":0,"footnotes":""},"class_list":["post-17382","page","type-page","status-publish","hentry"],"acf":[],"_links":{"self":[{"href":"https:\/\/plataformavoluntariat.org\/es\/wp-json\/wp\/v2\/pages\/17382","targetHints":{"allow":["GET"]}}],"collection":[{"href":"https:\/\/plataformavoluntariat.org\/es\/wp-json\/wp\/v2\/pages"}],"about":[{"href":"https:\/\/plataformavoluntariat.org\/es\/wp-json\/wp\/v2\/types\/page"}],"author":[{"embeddable":true,"href":"https:\/\/plataformavoluntariat.org\/es\/wp-json\/wp\/v2\/users\/3"}],"replies":[{"embeddable":true,"href":"https:\/\/plataformavoluntariat.org\/es\/wp-json\/wp\/v2\/comments?post=17382"}],"version-history":[{"count":2,"href":"https:\/\/plataformavoluntariat.org\/es\/wp-json\/wp\/v2\/pages\/17382\/revisions"}],"predecessor-version":[{"id":17384,"href":"https:\/\/plataformavoluntariat.org\/es\/wp-json\/wp\/v2\/pages\/17382\/revisions\/17384"}],"wp:attachment":[{"href":"https:\/\/plataformavoluntariat.org\/es\/wp-json\/wp\/v2\/media?parent=17382"}],"curies":[{"name":"wp","href":"https:\/\/api.w.org\/{rel}","templated":true}]}}