{"id":17307,"date":"2024-10-11T12:49:46","date_gmt":"2024-10-11T11:49:46","guid":{"rendered":"https:\/\/plataformavoluntariat.org\/informacion-y-asesoramiento\/"},"modified":"2024-10-11T13:11:46","modified_gmt":"2024-10-11T12:11:46","slug":"informacion-y-asesoramiento","status":"publish","type":"page","link":"https:\/\/plataformavoluntariat.org\/es\/informacion-y-asesoramiento\/","title":{"rendered":"Informaci\u00f3n y asesoramiento"},"content":{"rendered":"<p>[et_pb_section fb_built=\u00bb1&#8243; fullwidth=\u00bbon\u00bb _builder_version=\u00bb4.27.0&#8243; global_colors_info=\u00bb{}\u00bb theme_builder_area=\u00bbpost_content\u00bb][et_pb_fullwidth_header title=\u00bbServicio de informaci\u00f3n y asesoramiento\u00bb text_orientation=\u00bbcenter\u00bb _builder_version=\u00bb4.27.2&#8243; _module_preset=\u00bbdefault\u00bb title_font=\u00bb&#8211;et_global_heading_font|600|||||||\u00bb title_font_size=\u00bb50px\u00bb background_color=\u00bbRGBA(255,255,255,0)\u00bb parallax=\u00bbon\u00bb height_tablet=\u00bb\u00bb height_phone=\u00bb\u00bb height_last_edited=\u00bbon|phone\u00bb hover_enabled=\u00bb0&#8243; global_colors_info=\u00bb{}\u00bb theme_builder_area=\u00bbpost_content\u00bb title_text=\u00bbinformaci\u00f3 i assessorament\u00bb background_image=\u00bbhttps:\/\/plataformavoluntariat.org\/wp-content\/uploads\/2024\/10\/informacio-i-assessorament.png\u00bb sticky_enabled=\u00bb0&#8243;][\/et_pb_fullwidth_header][\/et_pb_section][et_pb_section fb_built=\u00bb1&#8243; theme_builder_area=\u00bbpost_content\u00bb _builder_version=\u00bb4.27.2&#8243; _module_preset=\u00bbdefault\u00bb][et_pb_row _builder_version=\u00bb4.27.2&#8243; _module_preset=\u00bbdefault\u00bb theme_builder_area=\u00bbpost_content\u00bb][et_pb_column _builder_version=\u00bb4.27.2&#8243; _module_preset=\u00bbdefault\u00bb type=\u00bb4_4&#8243; theme_builder_area=\u00bbpost_content\u00bb][et_pb_text _builder_version=\u00bb4.27.2&#8243; _module_preset=\u00bbdefault\u00bb theme_builder_area=\u00bbpost_content\u00bb header_3_line_height=\u00bb1.5em\u00bb hover_enabled=\u00bb0&#8243; sticky_enabled=\u00bb0&#8243; header_text_align=\u00bbjustify\u00bb header_3_text_align=\u00bbjustify\u00bb]<\/p>\n<h3>El servicio de informaci\u00f3n y asesoramiento de la Plataforma del Voluntariado facilita el acceso a toda la informaci\u00f3n sobre voluntariado por toda la poblaci\u00f3n de las Islas Baleares. Tanto si eres uno o una persona interesada en el voluntariado, formas parte de una organizaci\u00f3n o si trabajas en una Administraci\u00f3n P\u00fablica, te ayudamos. <\/h3>\n<p>[\/et_pb_text][\/et_pb_column][\/et_pb_row][\/et_pb_section][et_pb_section fb_built=\u00bb1&#8243; _builder_version=\u00bb4.27.2&#8243; hover_enabled=\u00bb0&#8243; global_colors_info=\u00bb{}\u00bb theme_builder_area=\u00bbpost_content\u00bb sticky_enabled=\u00bb0&#8243; title_text=\u00bbbanner Atenci\u00f3 D\u00bb background_image=\u00bbhttps:\/\/plataformavoluntariat.org\/wp-content\/uploads\/2024\/10\/banner-Atencio-D.png\u00bb][et_pb_row _builder_version=\u00bb4.27.2&#8243; _module_preset=\u00bbdefault\u00bb theme_builder_area=\u00bbpost_content\u00bb column_structure=\u00bb1_3,1_3,1_3&#8243; background_color=\u00bbrgba(255,255,255,0.8)\u00bb hover_enabled=\u00bb0&#8243; sticky_enabled=\u00bb0&#8243; custom_margin=\u00bb0px||||false|false\u00bb custom_padding=\u00bb0px||||false|false\u00bb][et_pb_column _builder_version=\u00bb4.27.2&#8243; _module_preset=\u00bbdefault\u00bb type=\u00bb1_3&#8243; theme_builder_area=\u00bbpost_content\u00bb custom_padding=\u00bb10px||||false|false\u00bb hover_enabled=\u00bb0&#8243; sticky_enabled=\u00bb0&#8243;][et_pb_image src=\u00bbhttps:\/\/plataformavoluntariat.org\/wp-content\/uploads\/2024\/10\/11.png\u00bb _builder_version=\u00bb4.27.2&#8243; _module_preset=\u00bbdefault\u00bb theme_builder_area=\u00bbpost_content\u00bb title_text=\u00bb11&#8243; align=\u00bbcenter\u00bb max_width=\u00bb49%\u00bb hover_enabled=\u00bb0&#8243; sticky_enabled=\u00bb0&#8243;][\/et_pb_image][et_pb_text _builder_version=\u00bb4.27.2&#8243; _module_preset=\u00bbdefault\u00bb theme_builder_area=\u00bbpost_content\u00bb hover_enabled=\u00bb0&#8243; sticky_enabled=\u00bb0&#8243; custom_margin=\u00bb-30px|||15px|false|false\u00bb custom_padding=\u00bb0px||||false|false\u00bb background_color=\u00bbRGBA(255,255,255,0)\u00bb]<\/p>\n<p>Si eres una persona interesada en el voluntariado, te informar\u00e1 de lo que es el voluntariado y qu\u00e9 implica. Adem\u00e1s, podemos enviarte informaci\u00f3n de los diferentes \u00e1mbitos del voluntariado y que puedas elegir la acci\u00f3n voluntaria que m\u00e1s te encaje. <\/p>\n<p>[\/et_pb_text][et_pb_button button_text=\u00bbM\u00e1s informaci\u00f3n\u00bb _builder_version=\u00bb4.27.2&#8243; _module_preset=\u00bbdefault\u00bb theme_builder_area=\u00bbpost_content\u00bb button_alignment=\u00bbcenter\u00bb background_layout=\u00bbdark\u00bb custom_button=\u00bbon\u00bb button_icon=\u00bb&#x24;||divi||400&#8243; hover_enabled=\u00bb0&#8243; sticky_enabled=\u00bb0&#8243; button_url=\u00bb@ET-DC@eyJkeW5hbWljIjp0cnVlLCJjb250ZW50IjoicG9zdF9saW5rX3VybF9wYWdlIiwic2V0dGluZ3MiOnsicG9zdF9pZCI6IjE2NDQ0IiwiZW5hYmxlX2h0bWwiOiJvZmYifX0=@\u00bb _dynamic_attributes=\u00bbbutton_url\u00bb box_shadow_style=\u00bbpreset1&#8243;][\/et_pb_button][\/et_pb_column][et_pb_column _builder_version=\u00bb4.27.2&#8243; _module_preset=\u00bbdefault\u00bb type=\u00bb1_3&#8243; theme_builder_area=\u00bbpost_content\u00bb][et_pb_image src=\u00bbhttps:\/\/plataformavoluntariat.org\/wp-content\/uploads\/2024\/10\/6.png\u00bb _builder_version=\u00bb4.27.2&#8243; _module_preset=\u00bbdefault\u00bb theme_builder_area=\u00bbpost_content\u00bb title_text=\u00bb6&#8243; hover_enabled=\u00bb0&#8243; sticky_enabled=\u00bb0&#8243; max_width=\u00bb59%\u00bb align=\u00bbcenter\u00bb][\/et_pb_image][et_pb_text _builder_version=\u00bb4.27.2&#8243; _module_preset=\u00bbdefault\u00bb theme_builder_area=\u00bbpost_content\u00bb hover_enabled=\u00bb0&#8243; sticky_enabled=\u00bb0&#8243; module_alignment=\u00bbcenter\u00bb custom_margin=\u00bb-65px|||0px|false|false\u00bb custom_margin_last_edited=\u00bboff|desktop\u00bb custom_padding=\u00bb0px|||15px|false|false\u00bb custom_margin_phone=\u00bb|||0px|false|false\u00bb text_orientation=\u00bbjustified\u00bb background_color=\u00bbRGBA(255,255,255,0)\u00bb]<\/p>\n<p style=\"text-align: left;\">Si eres responsable de una entidad sin \u00e1nimo de lucro, te asesoramos para que puedas impulsar programas de voluntariado, conocer tus obligaciones seg\u00fan la normativa de voluntariado y c\u00f3mo cumplirla.<\/p>\n<p>[\/et_pb_text][et_pb_button button_text=\u00bbM\u00e1s informaci\u00f3n\u00bb _builder_version=\u00bb4.27.2&#8243; _module_preset=\u00bbdefault\u00bb theme_builder_area=\u00bbpost_content\u00bb button_alignment=\u00bbcenter\u00bb background_layout=\u00bbdark\u00bb custom_button=\u00bbon\u00bb button_icon=\u00bb&#x24;||divi||400&#8243; hover_enabled=\u00bb0&#8243; sticky_enabled=\u00bb0&#8243; button_url=\u00bb@ET-DC@eyJkeW5hbWljIjp0cnVlLCJjb250ZW50IjoicG9zdF9saW5rX3VybF9wYWdlIiwic2V0dGluZ3MiOnsicG9zdF9pZCI6IjE2Mzg1IiwiZW5hYmxlX2h0bWwiOiJvZmYifX0=@\u00bb _dynamic_attributes=\u00bbbutton_url\u00bb box_shadow_style=\u00bbpreset1&#8243;][\/et_pb_button][\/et_pb_column][et_pb_column _builder_version=\u00bb4.27.2&#8243; _module_preset=\u00bbdefault\u00bb type=\u00bb1_3&#8243; theme_builder_area=\u00bbpost_content\u00bb][et_pb_image src=\u00bbhttps:\/\/plataformavoluntariat.org\/wp-content\/uploads\/2024\/10\/18.png\u00bb _builder_version=\u00bb4.27.2&#8243; _module_preset=\u00bbdefault\u00bb theme_builder_area=\u00bbpost_content\u00bb title_text=\u00bb18&#8243; hover_enabled=\u00bb0&#8243; sticky_enabled=\u00bb0&#8243; max_width=\u00bb50%\u00bb align=\u00bbcenter\u00bb][\/et_pb_image][et_pb_text _builder_version=\u00bb4.27.2&#8243; _module_preset=\u00bbdefault\u00bb theme_builder_area=\u00bbpost_content\u00bb hover_enabled=\u00bb0&#8243; sticky_enabled=\u00bb0&#8243; custom_margin=\u00bb-30px||||false|false\u00bb custom_padding=\u00bb|5px||15px|false|false\u00bb background_color=\u00bbRGBA(255,255,255,0)\u00bb]<\/p>\n<p>Si tienes un cargo o eres profesional de una Administraci\u00f3n P\u00fablica o de alg\u00fan \u00f3rgano p\u00fablico, te ayudamos a encontrar la mejor manera de apoyar y promover el voluntariado entre la poblaci\u00f3n o las personas que atiendes.<\/p>\n<p>[\/et_pb_text][et_pb_button button_text=\u00bbM\u00e1s informaci\u00f3n\u00bb _builder_version=\u00bb4.27.2&#8243; _module_preset=\u00bbdefault\u00bb theme_builder_area=\u00bbpost_content\u00bb button_alignment=\u00bbcenter\u00bb background_layout=\u00bbdark\u00bb custom_button=\u00bbon\u00bb button_icon=\u00bb&#x24;||divi||400&#8243; hover_enabled=\u00bb0&#8243; sticky_enabled=\u00bb0&#8243; button_url=\u00bb@ET-DC@eyJkeW5hbWljIjp0cnVlLCJjb250ZW50IjoicG9zdF9saW5rX3VybF9wYWdlIiwic2V0dGluZ3MiOnsicG9zdF9pZCI6IjE2MjMyIiwiZW5hYmxlX2h0bWwiOiJvZmYifX0=@\u00bb _dynamic_attributes=\u00bbbutton_url\u00bb box_shadow_style=\u00bbpreset1&#8243;][\/et_pb_button][\/et_pb_column][\/et_pb_row][\/et_pb_section]<\/p>\n","protected":false},"excerpt":{"rendered":"<p>El servicio de informaci\u00f3n y asesoramiento de la Plataforma del Voluntariado facilita el acceso a toda la informaci\u00f3n sobre voluntariado por toda la poblaci\u00f3n de las Islas Baleares. Tanto si eres uno o una persona interesada en el voluntariado, formas parte de una organizaci\u00f3n o si trabajas en una Administraci\u00f3n P\u00fablica, te ayudamos. Si eres una persona interesada en el voluntariado, te informar\u00e1 de lo que es el voluntariado y qu\u00e9 implica. Adem\u00e1s, podemos enviarte informaci\u00f3n de los diferentes \u00e1mbitos del voluntariado y que puedas elegir la acci\u00f3n voluntaria que m\u00e1s te encaje. Si eres responsable de una entidad sin \u00e1nimo de lucro, te asesoramos para que puedas impulsar programas de voluntariado, conocer tus obligaciones seg\u00fan la normativa de voluntariado y c\u00f3mo cumplirla.Si tienes un cargo o eres profesional de una Administraci\u00f3n P\u00fablica o de alg\u00fan \u00f3rgano p\u00fablico, te ayudamos a encontrar la mejor manera de apoyar y promover el voluntariado entre la poblaci\u00f3n o las personas que atiendes.<\/p>\n","protected":false},"author":3,"featured_media":0,"parent":0,"menu_order":0,"comment_status":"closed","ping_status":"closed","template":"","meta":{"_acf_changed":false,"_et_pb_use_builder":"on","_et_pb_old_content":"","_et_gb_content_width":"","_monsterinsights_skip_tracking":false,"_monsterinsights_sitenote_active":false,"_monsterinsights_sitenote_note":"","_monsterinsights_sitenote_category":0,"footnotes":""},"class_list":["post-17307","page","type-page","status-publish","hentry"],"acf":[],"_links":{"self":[{"href":"https:\/\/plataformavoluntariat.org\/es\/wp-json\/wp\/v2\/pages\/17307","targetHints":{"allow":["GET"]}}],"collection":[{"href":"https:\/\/plataformavoluntariat.org\/es\/wp-json\/wp\/v2\/pages"}],"about":[{"href":"https:\/\/plataformavoluntariat.org\/es\/wp-json\/wp\/v2\/types\/page"}],"author":[{"embeddable":true,"href":"https:\/\/plataformavoluntariat.org\/es\/wp-json\/wp\/v2\/users\/3"}],"replies":[{"embeddable":true,"href":"https:\/\/plataformavoluntariat.org\/es\/wp-json\/wp\/v2\/comments?post=17307"}],"version-history":[{"count":2,"href":"https:\/\/plataformavoluntariat.org\/es\/wp-json\/wp\/v2\/pages\/17307\/revisions"}],"predecessor-version":[{"id":17309,"href":"https:\/\/plataformavoluntariat.org\/es\/wp-json\/wp\/v2\/pages\/17307\/revisions\/17309"}],"wp:attachment":[{"href":"https:\/\/plataformavoluntariat.org\/es\/wp-json\/wp\/v2\/media?parent=17307"}],"curies":[{"name":"wp","href":"https:\/\/api.w.org\/{rel}","templated":true}]}}