{"id":16588,"date":"2024-07-15T11:03:12","date_gmt":"2024-07-15T10:03:12","guid":{"rendered":"https:\/\/plataformavoluntariat.org\/?page_id=16588"},"modified":"2024-07-17T12:46:08","modified_gmt":"2024-07-17T11:46:08","slug":"que-es-el-voluntariado","status":"publish","type":"page","link":"https:\/\/plataformavoluntariat.org\/es\/que-es-el-voluntariado\/","title":{"rendered":"\u00bfQu\u00e9 es el voluntariado?"},"content":{"rendered":"<p>[et_pb_section fb_built=\u00bb1&#8243; fullwidth=\u00bbon\u00bb theme_builder_area=\u00bbpost_content\u00bb _builder_version=\u00bb4.26.1&#8243; _module_preset=\u00bbdefault\u00bb][et_pb_fullwidth_header title=\u00bb\u00bfQu\u00e9 es el voluntariado?\u00bb text_orientation=\u00bbcenter\u00bb _builder_version=\u00bb4.26.1&#8243; _module_preset=\u00bbdefault\u00bb title_font=\u00bb&#8211;et_global_heading_font|600|||||||\u00bb title_font_size=\u00bb50px\u00bb background_color=\u00bbRGBA(255,255,255,0)\u00bb background_image=\u00bbhttps:\/\/plataformavoluntariat.org\/wp-content\/uploads\/2024\/07\/que-es-voluntariat.png\u00bb parallax=\u00bbon\u00bb height_tablet=\u00bb\u00bb height_phone=\u00bb\u00bb height_last_edited=\u00bbon|phone\u00bb hover_enabled=\u00bb0&#8243; global_colors_info=\u00bb{}\u00bb theme_builder_area=\u00bbpost_content\u00bb title_text=\u00bbque es voluntariat\u00bb sticky_enabled=\u00bb0&#8243;][\/et_pb_fullwidth_header][\/et_pb_section][et_pb_section fb_built=\u00bb1&#8243; _builder_version=\u00bb4.16&#8243; inner_module_alignment=\u00bbcenter\u00bb z_index_tablet=\u00bb500&#8243; box_shadow_horizontal_tablet=\u00bb0px\u00bb box_shadow_vertical_tablet=\u00bb0px\u00bb box_shadow_blur_tablet=\u00bb40px\u00bb box_shadow_spread_tablet=\u00bb0px\u00bb global_colors_info=\u00bb{}\u00bb][et_pb_row _builder_version=\u00bb4.21.0&#8243; _module_preset=\u00bbdefault\u00bb global_colors_info=\u00bb{}\u00bb][et_pb_column type=\u00bb4_4&#8243; _builder_version=\u00bb4.21.0&#8243; _module_preset=\u00bbdefault\u00bb global_colors_info=\u00bb{}\u00bb][et_pb_video src=\u00bbhttps:\/\/youtu.be\/nVppesqUMzw?si=aawnLIWZKRnmborv\u00bb _builder_version=\u00bb4.21.0&#8243; _module_preset=\u00bbdefault\u00bb global_colors_info=\u00bb{}\u00bb][\/et_pb_video][\/et_pb_column][\/et_pb_row][\/et_pb_section][et_pb_section fb_built=\u00bb1&#8243; _builder_version=\u00bb4.16&#8243; global_colors_info=\u00bb{}\u00bb][et_pb_row _builder_version=\u00bb4.16&#8243; background_size=\u00bbinitial\u00bb background_position=\u00bbtop_left\u00bb background_repeat=\u00bbrepeat\u00bb global_colors_info=\u00bb{}\u00bb][et_pb_column type=\u00bb4_4&#8243; _builder_version=\u00bb4.16&#8243; custom_padding=\u00bb|||\u00bb global_colors_info=\u00bb{}\u00bb custom_padding__hover=\u00bb|||\u00bb][et_pb_text _builder_version=\u00bb4.16&#8243; global_colors_info=\u00bb{}\u00bb]<\/p>\n<h3 style=\"text-align: center;\">Cuatro ideas clave sobre el voluntariado:<\/h3>\n<p>&nbsp;<\/p>\n<p><strong>Voluntariedad.<\/strong> El voluntariado, la acci\u00f3n voluntaria, es el resultado de una libre elecci\u00f3n, es una opci\u00f3n \u00e9tica, personal, gratuita, que no espera retribuci\u00f3n o recompensa. La palabra exacta no es desinter\u00e9s, porque la persona voluntaria tiene inter\u00e9s, mucho inter\u00e9s y obtiene satisfacci\u00f3n en sus motivaciones personales. <\/p>\n<p><strong>Solidaridad.<\/strong> El voluntariado, la acci\u00f3n solidaria s\u00f3lo existe cuando repercute en los dem\u00e1s, cuando su inter\u00e9s es colectivo, general, p\u00fablico. El voluntariado es un medio para dar respuesta a las necesidades, problemas e intereses sociales, y no un fin en s\u00ed mismo para satisfacer a las personas voluntarias. La acci\u00f3n voluntaria supone un compromiso solidaria por mejorar la vida colectiva  <\/p>\n<p><strong>Acci\u00f3n.<\/strong> El voluntariado no es s\u00f3lo un valor \u00e9tico, una actitud, sino una pr\u00e1ctica concreta. El Voluntariado se realiza, es acci\u00f3n. Si se queda solo en un vago esp\u00edritu de buena persona, de buen ciudadano o ciudadana, acaba siendo algo vac\u00eda y sin sentido. Aunque tambi\u00e9n es cierto que no es posible la pura acci\u00f3n sin \u00abesp\u00edritu\u00bb, sin valores. Pero lo que cambia el mundo, lo que enfrenta a los problemas y las necesidades, es la acci\u00f3n.    <\/p>\n<p><strong>Organizaci\u00f3n.<\/strong> El voluntariado, por ser algo muy importante, no puede tratarse como una pr\u00e1ctica personal, individual, testimonial, \u00edntima. Porque el objetivo del voluntariado es mejorar la realidad, transformar el mundo, y hacerlo eficazmente. Frente a la improvisaci\u00f3n y espontaneidad, el voluntariado requiere actuar organizadamente, uniendo fuerzas. Por tanto la acci\u00f3n voluntaria debe ser una acci\u00f3n organizada, sistem\u00e1tica, sin\u00e9rgica, que requiere una organizaci\u00f3n de asociaciones o fundaciones en las que actuar.   <\/p>\n<p>[\/et_pb_text][\/et_pb_column][\/et_pb_row][\/et_pb_section][et_pb_section fb_built=\u00bb1&#8243; specialty=\u00bbon\u00bb _builder_version=\u00bb4.16&#8243; custom_css_main_element=\u00bbpadding-bottom: 0px !important;\u00bb global_colors_info=\u00bb{}\u00bb][et_pb_column type=\u00bb1_2&#8243; _builder_version=\u00bb4.16&#8243; custom_padding=\u00bb|||\u00bb global_colors_info=\u00bb{}\u00bb custom_padding__hover=\u00bb|||\u00bb][et_pb_text _builder_version=\u00bb4.16&#8243; global_colors_info=\u00bb{}\u00bb]<\/p>\n<h2 style=\"text-align: right;\">\u00bfQu\u00e9 aporta el voluntariado a<br \/>nuestra sociedad?<\/h2>\n<p>[\/et_pb_text][\/et_pb_column][et_pb_column type=\u00bb1_2&#8243; specialty_columns=\u00bb2&#8243; _builder_version=\u00bb4.16&#8243; custom_padding=\u00bb|||\u00bb global_colors_info=\u00bb{}\u00bb custom_padding__hover=\u00bb|||\u00bb][et_pb_row_inner admin_label=\u00bbFila\u00bb _builder_version=\u00bb4.16&#8243; global_colors_info=\u00bb{}\u00bb][et_pb_column_inner saved_specialty_column_type=\u00bb1_2&#8243; _builder_version=\u00bb4.16&#8243; custom_padding=\u00bb|||\u00bb global_colors_info=\u00bb{}\u00bb custom_padding__hover=\u00bb|||\u00bb][et_pb_text _builder_version=\u00bb4.16&#8243; global_colors_info=\u00bb{}\u00bb]<\/p>\n<p>\nEl voluntariado no es una forma de estar, sino una forma de ser; no se trata s\u00f3lo de las horas que se dedican a las diferentes tareas, sino de estar atentos y abiertos solidariamente a la mejora estructural de la sociedad en la que vivimos, a la lucha por un mundo m\u00e1s justo, solidario, equitativo e igualitario.<\/p>\n<p>[\/et_pb_text][\/et_pb_column_inner][\/et_pb_row_inner][\/et_pb_column][\/et_pb_section][et_pb_section fb_built=\u00bb1&#8243; _builder_version=\u00bb4.16&#8243; global_colors_info=\u00bb{}\u00bb][et_pb_row _builder_version=\u00bb4.16&#8243; background_size=\u00bbinitial\u00bb background_position=\u00bbtop_left\u00bb background_repeat=\u00bbrepeat\u00bb global_colors_info=\u00bb{}\u00bb][et_pb_column type=\u00bb4_4&#8243; _builder_version=\u00bb4.16&#8243; custom_padding=\u00bb|||\u00bb global_colors_info=\u00bb{}\u00bb custom_padding__hover=\u00bb|||\u00bb][et_pb_text _builder_version=\u00bb4.16&#8243; global_colors_info=\u00bb{}\u00bb]<\/p>\n<h3 style=\"text-align: center;\">\u00bfEn qu\u00e9 campos de acci\u00f3n participan los voluntarios y voluntarias?<\/h3>\n<p>&nbsp;<\/p>\n<p style=\"text-align: center;\">La acci\u00f3n voluntaria se desarrolla pr\u00e1cticamente en todos los \u00e1mbitos tem\u00e1ticos, en todos los campos de actuaci\u00f3n como por ejemplo:<\/p>\n<p><strong>Social<\/strong>. Muchas personas voluntarias trabajan en la ayuda a personas y colectivos socialmente excluidos, en la acogida a inmigrantes, en la lucha contra la pobreza, y en la atenci\u00f3n a colectivos sociales con necesidades, carencias y discapacidades de diferentes tipos, etc <\/p>\n<p><strong>Cultural.<\/strong> Muchas personas voluntarias llevan a cabo trabajos de recuperaci\u00f3n o conservaci\u00f3n de identidad cultural, en la promoci\u00f3n de la creatividad, en la difusi\u00f3n de los bienes culturales, etc.<\/p>\n<p><strong>Educativo.<\/strong> Muchas personas voluntarias trabajan en la alfabetizaci\u00f3n y educaci\u00f3n de personas adultas, en la defensa de la educaci\u00f3n para todos, en la dinamizaci\u00f3n y promoci\u00f3n de la participaci\u00f3n en la comunidad escolar, etc.<\/p>\n<p><strong>Medio ambiente.<\/strong> Muchas personas trabajan en la protecci\u00f3n o recuperaci\u00f3n de especies o espacios naturales, en la denuncia de situaciones de degradaci\u00f3n medioambientales, en el desarrollo de una conciencia medioambiental entre la ciudadan\u00eda, etc.<\/p>\n<p><strong>Salud.<\/strong> Muchos voluntarios trabajan en la promoci\u00f3n de la salud, en el desarrollo de los h\u00e1bitos de vida saludable, en la respuesta a situaciones de necesidad sanitaria, etc.<\/p>\n<p><strong>Participaci\u00f3n Ciudadana y Civismo.<\/strong> Muchas personas voluntarias trabajan en la promoci\u00f3n de la participaci\u00f3n ciudadana, en el fortalecimiento del tejido asociativo, en el impulso de la iniciativa social, en la creaci\u00f3n y animaci\u00f3n de redes sociales, etc.<\/p>\n<p><strong>Promoci\u00f3n de Colectivos.<\/strong> Muchas personas voluntarias trabajan en la promoci\u00f3n, en la defensa de los derechos, integraci\u00f3n social de determinados colectivos sociales: mujeres, j\u00f3venes, inmigrantes, reclusos, grupos \u00e9tnicos, etc<\/p>\n<p><strong>Derechos humanos.<\/strong> Muchas personas voluntarias trabajan en la denuncia de injusticias, contra el pensamiento de muerte, en defensa de los Derechos Humanos, la justicia, los valores democr\u00e1ticos, etc.<\/p>\n<p><strong>Cooperaci\u00f3n Internacional.<\/strong> Muchas personas voluntarias trabajan en la promoci\u00f3n y desarrollo de proyectos de cooperaci\u00f3n, en combatir la pobreza y promover el desarrollo en los pa\u00edses empobrecidos del Sur, etc.<\/p>\n<p><strong>Emergencia y Socorro.<\/strong> Muchas personas voluntarias trabajan en la respuesta a situaciones de emergencia causadas por desastres naturales, guerras, hambrunas, etc.<\/p>\n<p><strong>Desarrollo Socioecon\u00f3mico.<\/strong> Muchas personas voluntarias trabajan en el desarrollo de proyectos de promoci\u00f3n socioecon\u00f3mica o desarrollo comunitario, dirigidos a mejorar las condiciones de vida de una comunidad o sector social concreto, etc.<\/p>\n<p><strong>Tiempo Libre.<\/strong> Muchas personas voluntarias trabajan fundamentalmente con ni\u00f1os y adolescentes, en la educaci\u00f3n en el tiempo libre, en la promoci\u00f3n de valores, conocimientos y actitudes, en actividades relacionales y recreativas cuyo \u00e1mbito es el tiempo libre, etc.<\/p>\n<p><strong>Comercio Justo.<\/strong> Comercio Justo es una propuesta alternativa al comercio internacional convencional basado en garantizar a los productores del Sur una compensaci\u00f3n justa por su trabajo, asegur\u00e1ndoles un medio de vida digno y sostenible y el disfrute de sus derechos laborales.<\/p>\n<p>[\/et_pb_text][\/et_pb_column][\/et_pb_row][\/et_pb_section][et_pb_section fb_built=\u00bb1&#8243; fullwidth=\u00bbon\u00bb _builder_version=\u00bb4.16&#8243; global_colors_info=\u00bb{}\u00bb][et_pb_fullwidth_code _builder_version=\u00bb4.16&#8243; global_colors_info=\u00bb{}\u00bb][\/et_pb_fullwidth_code][\/et_pb_section][et_pb_section fb_built=\u00bb1&#8243; _builder_version=\u00bb4.16&#8243; global_colors_info=\u00bb{}\u00bb][et_pb_row _builder_version=\u00bb4.16&#8243; global_colors_info=\u00bb{}\u00bb][et_pb_column type=\u00bb4_4&#8243; _builder_version=\u00bb4.16&#8243; custom_padding=\u00bb|||\u00bb global_colors_info=\u00bb{}\u00bb custom_padding__hover=\u00bb|||\u00bb][et_pb_text _builder_version=\u00bb4.16&#8243; global_colors_info=\u00bb{}\u00bb]<\/p>\n<h3 style=\"text-align: center;\"><strong>\u00bfQu\u00e9 se conmemora el 5 de diciembre?<\/strong><\/h3>\n<p>&nbsp;<\/p>\n<p>El d\u00eda 5 de diciembre se conmemora el D\u00cdA INTERNACIONAL DEL VOLUNTARIADO POR EL DESARROLLO ECON\u00d3MICO Y SOCIAL, instituido el 17 de diciembre de 1985 por la Asamblea General de Naciones Unidas en su resoluci\u00f3n 40\/212 en reconocimiento a la actividad solidaria y altruista portada a cabo por las personas voluntarias.<\/p>\n<p>Posteriormente, otras propuestas relacionadas han ido aumentando el inter\u00e9s y la participaci\u00f3n respecto a la acci\u00f3n voluntaria. En 1997 se design\u00f3 en 2001 como el A\u00f1o Internacional de los Voluntarios, iniciativa que fue aprobada por 123 pa\u00edses. El n\u00famero de pa\u00edses que se unen a la celebraci\u00f3n del D\u00eda Internacional del Voluntariado se incrementa a\u00f1o tras a\u00f1o.  <\/p>\n<p>En Espa\u00f1a, aproximadamente, 4 millones y medio de personas dedican parte de su tiempo y esfuerzo a los dem\u00e1s, mediante m\u00e1s de decenas de espejos de organizaciones no gubernamentales. En Baleares, un 9,2% de la poblaci\u00f3n mayor de 14 a\u00f1os hace voluntariado dedicando, de forma solidaria y altruista su tiempo a la transformaci\u00f3n social. <\/p>\n<p>[\/et_pb_text][\/et_pb_column][\/et_pb_row][et_pb_row _builder_version=\u00bb4.21.0&#8243; _module_preset=\u00bbdefault\u00bb global_colors_info=\u00bb{}\u00bb][et_pb_column type=\u00bb4_4&#8243; _builder_version=\u00bb4.21.0&#8243; _module_preset=\u00bbdefault\u00bb global_colors_info=\u00bb{}\u00bb][et_pb_video src=\u00bbhttps:\/\/youtu.be\/NapYgoJhyQo?si=bSAE-HWG4v2_V-DO\u00bb _builder_version=\u00bb4.21.0&#8243; _module_preset=\u00bbdefault\u00bb global_colors_info=\u00bb{}\u00bb][\/et_pb_video][\/et_pb_column][\/et_pb_row][\/et_pb_section]<\/p>\n","protected":false},"excerpt":{"rendered":"<p>Cuatro ideas clave sobre el voluntariado: &nbsp; Voluntariedad. El voluntariado, la acci\u00f3n voluntaria, es el resultado de una libre elecci\u00f3n, es una opci\u00f3n \u00e9tica, personal, gratuita, que no espera retribuci\u00f3n o recompensa. La palabra exacta no es desinter\u00e9s, porque la persona voluntaria tiene inter\u00e9s, mucho inter\u00e9s y obtiene satisfacci\u00f3n en sus motivaciones personales. Solidaridad. El voluntariado, la acci\u00f3n solidaria s\u00f3lo existe cuando repercute en los dem\u00e1s, cuando su inter\u00e9s es colectivo, general, p\u00fablico. El voluntariado es un medio para dar respuesta a las necesidades, problemas e intereses sociales, y no un fin en s\u00ed mismo para satisfacer a las personas voluntarias. La acci\u00f3n voluntaria supone un compromiso solidaria por mejorar la vida colectiva Acci\u00f3n. El voluntariado no es s\u00f3lo un valor \u00e9tico, una actitud, sino una pr\u00e1ctica concreta. El Voluntariado se realiza, es acci\u00f3n. Si se queda solo en un vago esp\u00edritu de buena persona, de buen ciudadano o ciudadana, acaba siendo algo vac\u00eda y sin sentido. Aunque tambi\u00e9n es cierto que no es posible la pura acci\u00f3n sin \u00abesp\u00edritu\u00bb, sin valores. Pero lo que cambia el mundo, lo que enfrenta a los problemas y las necesidades, es la acci\u00f3n. Organizaci\u00f3n. El voluntariado, por ser algo muy importante, no puede [&hellip;]<\/p>\n","protected":false},"author":3,"featured_media":0,"parent":0,"menu_order":0,"comment_status":"closed","ping_status":"closed","template":"","meta":{"_acf_changed":false,"_et_pb_use_builder":"on","_et_pb_old_content":"","_et_gb_content_width":"","_monsterinsights_skip_tracking":false,"_monsterinsights_sitenote_active":false,"_monsterinsights_sitenote_note":"","_monsterinsights_sitenote_category":0,"footnotes":""},"class_list":["post-16588","page","type-page","status-publish","hentry"],"acf":[],"_links":{"self":[{"href":"https:\/\/plataformavoluntariat.org\/es\/wp-json\/wp\/v2\/pages\/16588","targetHints":{"allow":["GET"]}}],"collection":[{"href":"https:\/\/plataformavoluntariat.org\/es\/wp-json\/wp\/v2\/pages"}],"about":[{"href":"https:\/\/plataformavoluntariat.org\/es\/wp-json\/wp\/v2\/types\/page"}],"author":[{"embeddable":true,"href":"https:\/\/plataformavoluntariat.org\/es\/wp-json\/wp\/v2\/users\/3"}],"replies":[{"embeddable":true,"href":"https:\/\/plataformavoluntariat.org\/es\/wp-json\/wp\/v2\/comments?post=16588"}],"version-history":[{"count":6,"href":"https:\/\/plataformavoluntariat.org\/es\/wp-json\/wp\/v2\/pages\/16588\/revisions"}],"predecessor-version":[{"id":16907,"href":"https:\/\/plataformavoluntariat.org\/es\/wp-json\/wp\/v2\/pages\/16588\/revisions\/16907"}],"wp:attachment":[{"href":"https:\/\/plataformavoluntariat.org\/es\/wp-json\/wp\/v2\/media?parent=16588"}],"curies":[{"name":"wp","href":"https:\/\/api.w.org\/{rel}","templated":true}]}}