{"id":16585,"date":"2024-07-15T11:03:05","date_gmt":"2024-07-15T10:03:05","guid":{"rendered":"https:\/\/plataformavoluntariat.org\/?page_id=16585"},"modified":"2025-04-16T08:10:10","modified_gmt":"2025-04-16T07:10:10","slug":"politica-de-privacidad-2","status":"publish","type":"page","link":"https:\/\/plataformavoluntariat.org\/es\/politica-de-privacidad-2\/","title":{"rendered":"Pol\u00edtica de privacidad"},"content":{"rendered":"<p>[et_pb_section fb_built=\u00bb1&#8243; admin_label=\u00bbsection\u00bb _builder_version=\u00bb4.16&#8243; global_colors_info=\u00bb{}\u00bb][et_pb_row admin_label=\u00bbrow\u00bb _builder_version=\u00bb4.16&#8243; background_size=\u00bbinitial\u00bb background_position=\u00bbtop_left\u00bb background_repeat=\u00bbrepeat\u00bb global_colors_info=\u00bb{}\u00bb][et_pb_column type=\u00bb4_4&#8243; _builder_version=\u00bb4.16&#8243; custom_padding=\u00bb|||\u00bb global_colors_info=\u00bb{}\u00bb custom_padding__hover=\u00bb|||\u00bb][et_pb_text admin_label=\u00bbText\u00bb _builder_version=\u00bb4.16&#8243; background_size=\u00bbinitial\u00bb background_position=\u00bbtop_left\u00bb background_repeat=\u00bbrepeat\u00bb global_colors_info=\u00bb{}\u00bb]<\/p>\n<p><strong>1. INFORMACI\u00d3N PARA EL USUARIO&nbsp;<\/strong><\/p>\n<p><strong>\u00bfQui\u00e9n es el responsable del tratamiento de sus datos personales?&nbsp;<\/strong><\/p>\n<p><strong>PLATAFORMA DE VOLUNTARIAT DE LES ILLES BALEARS <\/strong>es el RESPONSABLE del tratamiento de los datos personales del USUARIO y le informa que estos datos se tratar\u00e1n de conformidad con lo que establece el Reglamento (UE) 2016\/679, de 27 de abril (RGPD), y la Ley Org\u00e1nica 3\/2018, de 5 de diciembre (LOPDGDD).&nbsp;<\/p>\n<p><strong>\u00bfPara qu\u00e9 tratamos sus datos personales y por qu\u00e9 lo hacemos?&nbsp;<\/strong><\/p>\n<p>Seg\u00fan el formulario donde hayamos obtenido sus datos personales, los trataremos de manera confidencial para alcanzar los siguientes fines:&nbsp;<\/p>\n<p>En el formulario <strong>Quiero ser voluntario<\/strong>\/a&nbsp;<\/p>\n<p>Dar respuesta a las peticiones que sean realizadas por el usuario a trav\u00e9s de cualquiera de las formas de contacto que se ponen a su disposici\u00f3n en la p\u00e1gina web del responsable.&nbsp;<\/p>\n<p>(por el inter\u00e9s leg\u00edtimo del responsable, art. 6.1.f RGPD)&nbsp;<\/p>\n<p>Enviar comunicaciones publicitarias e infornativas sobre los diversos programas y servicios que ofrece el responsable por cualquier medio electr\u00f3nico o f\u00edsico. Estas comunicaciones ser\u00e1n realizadas por el responsable y estar\u00e1n relacionadas con sus servicios, o con los de las entidades miembro. En este caso, los terceros nunca tendr\u00e1n acceso a los datos personales. (por el consentimiento del interesado, 6.1.a RGPD)  &nbsp;<\/p>\n<p>(por el consentimiento del interesado, 6.1.a RGPD) <br \/>&nbsp;<\/p>\n<p>Realizar an\u00e1lisis estad\u00edsticos.&nbsp;<\/p>\n<p>(por el inter\u00e9s leg\u00edtimo del responsable, art. 6.1.f RGPD)&nbsp;<\/p>\n<p>En el formulario Quiero <strong>hacer este voluntariado&nbsp;<\/strong><\/p>\n<p>Gestionar la inscripci\u00f3n en el voluntariado seleccionado por el usuario.&nbsp;<\/p>\n<p>(por el consentimiento del interesado, 6.1.a RGPD) <br \/>&nbsp;<\/p>\n<p>Realizar an\u00e1lisis estad\u00edsticos.&nbsp;<\/p>\n<p>(por el inter\u00e9s leg\u00edtimo del responsable, art. 6.1.f RGPD)&nbsp;<\/p>\n<p>En el formulario <strong>Solicitud de Acompa\u00f1amiento para Entidades de Voluntariado<\/strong> <\/p>\n<p>Gestionar la demanda de apoyo a la asociaci\u00f3n ya su representante <\/p>\n<p>(por el consentimiento del interesado, 6.1.a RGPD) <br \/>&nbsp;<\/p>\n<p>Realizar an\u00e1lisis estad\u00edsticos.&nbsp;<\/p>\n<p>(por el inter\u00e9s leg\u00edtimo del responsable, art. 6.1.f RGPD)&nbsp;<\/p>\n<p>En el formulario <strong>Solicitud de Asesoramiento para Administraciones P\u00fablicas<\/strong> <\/p>\n<p>Gestionar la demanda de apoyo a la Administraci\u00f3n P\u00fablica ya su representante solicitante <\/p>\n<p>(por el consentimiento del interesado, 6.1.a RGPD) <br \/>&nbsp;<\/p>\n<p>Realizar an\u00e1lisis estad\u00edsticos.&nbsp;<\/p>\n<p>(por el inter\u00e9s leg\u00edtimo del responsable, art. 6.1.f RGPD)&nbsp;<\/p>\n<p>En el formulario Inscripci\u00f3n a la <strong>formaci\u00f3n b\u00e1sica&nbsp;<\/strong><\/p>\n<p>Tramitar y gestionar la participaci\u00f3n en los cursos de formaci\u00f3n y diferentes programas organizados por el responsable. (por el consentimiento del interesado, 6.1.a RGPD) <br \/>&nbsp;<\/p>\n<p>Realizar an\u00e1lisis estad\u00edsticos.&nbsp;<\/p>\n<p>(por el inter\u00e9s leg\u00edtimo del responsable, art. 6.1.f RGPD)&nbsp;<\/p>\n<p>En el formulario Inscripci\u00f3n a la <strong>formaci\u00f3n para entidades&nbsp;<\/strong><\/p>\n<p>Tramitar y gestionar la participaci\u00f3n en los cursos de formaci\u00f3n y diferentes programas organizados por el responsable. (por el consentimiento del interesado, 6.1.a RGPD) <br \/>&nbsp;<\/p>\n<p>Realizar an\u00e1lisis estad\u00edsticos.&nbsp;<\/p>\n<p>(por el inter\u00e9s leg\u00edtimo del responsable, art. 6.1.f RGPD)&nbsp;<\/p>\n<p>En el formulario <strong>Registro de usuario (Intranet<\/strong>)&nbsp; <\/p>\n<p>Gestionar la cuenta del usuario para proporcionarle un acceso personalizado a la p\u00e1gina web y a los servicios interactivos que ofrece.&nbsp;<\/p>\n<p>(por el consentimiento del interesado, 6.1.a RGPD) <\/p>\n<p><strong>\u00bfDurante cu\u00e1nto tiempo guardaremos sus datos personales?&nbsp;<\/strong><\/p>\n<p>Se conservar\u00e1n durante no m\u00e1s tiempo del necesario para mantener el fin del tratamiento o existan prescripciones legales que dictaminen su custodia y cuando ya no sea necesario para ello, se suprimir\u00e1n con medidas de seguridad adecuadas para garantizar la anonimizaci\u00f3n de los datos o la destrucci\u00f3n total de los mismos.&nbsp;<\/p>\n<p><strong>\u00bfA qui\u00e9n facilitamos sus datos personales?&nbsp;<\/strong><\/p>\n<p>Si sus datos se han obtenido a trav\u00e9s de los formularios para realizar un voluntariado, los mismos ser\u00e1n comunicados a la entidad miembro de la PLATAFORMA DE VOLUNTARIAT DE LES ILLES BALEARS que usted haya seleccionado. En los dem\u00e1s casos, no est\u00e1 prevista ninguna comunicaci\u00f3n de datos personales a terceros salvo, si fuese necesario para el desarrollo y ejecuci\u00f3n de las finalidades del tratamiento, a nuestros proveedores de servicios relacionados con comunicaciones, con los cuales el RESPONSABLE tiene suscritos los contratos de confidencialidad y de encargado de tratamiento exigidos por la normativa vigente de privacidad. &nbsp;<\/p>\n<p><strong>\u00bfCu\u00e1les son sus derechos?&nbsp;<\/strong><\/p>\n<p>Los derechos que asisten al USUARIO son:&nbsp;<\/p>\n<p>Derecho a retirar el consentimiento en cualquier momento.&nbsp;<\/p>\n<p>Derecho de acceso, rectificaci\u00f3n, portabilidad y supresi\u00f3n de sus datos, y de limitaci\u00f3n u oposici\u00f3n a su tratamiento.&nbsp;<\/p>\n<p>Derecho a presentar una reclamaci\u00f3n ante la autoridad de control (www.aepd.es) si considera que el tratamiento no se ajusta a la normativa vigente.&nbsp;<\/p>\n<p><strong>Datos de contacto para ejercer sus derechos:<\/strong>&nbsp;<\/p>\n<p>PLATAFORMA DE VOLUNTARIAT DE LES ILLES BALEARS. Arquitecte Bennasar, 73 &#8211; 07004 Palma (Illes Balears). E-mail: dpo@agenciadatos.com  &nbsp;<\/p>\n<p><strong>2. CAR\u00c1CTER OBLIGATORIO O FACULTATIVO DE LA INFORMACI\u00d3N FACILITADA POR EL USUARIO&nbsp;<\/strong><\/p>\n<p>Los USUARIOS, mediante la marcaci\u00f3n de las casillas correspondientes y la entrada de datos en los campos, marcados con un asterisco (*) en el formulario de contacto o presentados en formularios de descarga, aceptan expresamente y de forma libre e inequ\u00edvoca, que sus datos son necesarios para atender su petici\u00f3n, por parte del prestador, siendo voluntaria la inclusi\u00f3n de datos en los campos restantes. El USUARIO garantiza que los datos personales facilitados al RESPONSABLE son veraces y se hace responsable de comunicar cualquier modificaci\u00f3n de los mismos. &nbsp;<\/p>\n<p>El RESPONSABLE informa de que todos los datos solicitados a trav\u00e9s del sitio web son obligatorios, ya que son necesarios para la prestaci\u00f3n de un servicio \u00f3ptimo al USUARIO. En caso de que no se faciliten todos los datos, no se garantiza que la informaci\u00f3n y servicios facilitados sean completamente ajustados a sus necesidades. &nbsp;<\/p>\n<p><strong>3. MEDIDAS DE SEGURIDAD&nbsp;<\/strong><\/p>\n<p>Que de conformidad con lo dispuesto en las normativas vigentes en protecci\u00f3n de datos personales, el RESPONSABLE est\u00e1 cumpliendo con todas las disposiciones de las normativas RGPD y LOPDGDD para el tratamiento de los datos personales de su responsabilidad, y manifiestamente con los principios descritos en el art\u00edculo 5 del RGPD, por los cuales son tratados de manera l\u00edcita, leal y transparente en relaci\u00f3n con el interesado y adecuados, pertinentes y limitados a lo necesario en relaci\u00f3n con los fines para los que son tratados.&nbsp;<\/p>\n<p>El RESPONSABLE garantiza que ha implementado pol\u00edticas t\u00e9cnicas y organizativas apropiadas para aplicar las medidas de seguridad que establecen el RGPD y la LOPDGDD con el fin de proteger los derechos y libertades de los USUARIOS y les ha comunicado la informaci\u00f3n adecuada para que puedan ejercerlos. <\/p>\n<p>Para m\u00e1s informaci\u00f3n sobre las garant\u00edas de privacidad, puedes dirigirte al RESPONSABLE a trav\u00e9s de PLATAFORMA DE VOLUNTARIAT DE LES ILLES BALEARS. Arquitecte Bennasar, 73 &#8211; 07004 Palma (Illes Balears). E-mail: dpo@agenciadatos.com  <\/p>\n<p>[\/et_pb_text][\/et_pb_column][\/et_pb_row][et_pb_row _builder_version=\u00bb4.27.4&#8243; _module_preset=\u00bbdefault\u00bb][et_pb_column _builder_version=\u00bb4.27.4&#8243; _module_preset=\u00bbdefault\u00bb type=\u00bb4_4&#8243;][et_pb_button button_text=\u00bbPOL\u00cdTICA DE PRIVACIDAD &#8211; REDES SOCIALES\u00bb _builder_version=\u00bb4.27.4&#8243; _module_preset=\u00bbdefault\u00bb url_new_window=\u00bbon\u00bb button_url=\u00bb@ET-DC@eyJkeW5hbWljIjp0cnVlLCJjb250ZW50IjoicG9zdF9saW5rX3VybF9hdHRhY2htZW50Iiwic2V0dGluZ3MiOnsicG9zdF9pZCI6IjE3ODMwIiwiZW5hYmxlX2h0bWwiOiJvZmYifX0=@\u00bb _dynamic_attributes=\u00bbbutton_url\u00bb background_layout=\u00bbdark\u00bb button_alignment=\u00bbcenter\u00bb custom_button=\u00bbon\u00bb button_text_size=\u00bb36px\u00bb button_icon=\u00bb&#x39;||divi||400&#8243; hover_enabled=\u00bb0&#8243; sticky_enabled=\u00bb0&#8243;][\/et_pb_button][\/et_pb_column][\/et_pb_row][\/et_pb_section]<\/p>\n","protected":false},"excerpt":{"rendered":"<p>1. INFORMACI\u00d3N PARA EL USUARIO&nbsp; \u00bfQui\u00e9n es el responsable del tratamiento de sus datos personales?&nbsp; PLATAFORMA DE VOLUNTARIAT DE LES ILLES BALEARS es el RESPONSABLE del tratamiento de los datos personales del USUARIO y le informa que estos datos se tratar\u00e1n de conformidad con lo que establece el Reglamento (UE) 2016\/679, de 27 de abril (RGPD), y la Ley Org\u00e1nica 3\/2018, de 5 de diciembre (LOPDGDD).&nbsp; \u00bfPara qu\u00e9 tratamos sus datos personales y por qu\u00e9 lo hacemos?&nbsp; Seg\u00fan el formulario donde hayamos obtenido sus datos personales, los trataremos de manera confidencial para alcanzar los siguientes fines:&nbsp; En el formulario Quiero ser voluntario\/a&nbsp; Dar respuesta a las peticiones que sean realizadas por el usuario a trav\u00e9s de cualquiera de las formas de contacto que se ponen a su disposici\u00f3n en la p\u00e1gina web del responsable.&nbsp; (por el inter\u00e9s leg\u00edtimo del responsable, art. 6.1.f RGPD)&nbsp; Enviar comunicaciones publicitarias e infornativas sobre los diversos programas y servicios que ofrece el responsable por cualquier medio electr\u00f3nico o f\u00edsico. Estas comunicaciones ser\u00e1n realizadas por el responsable y estar\u00e1n relacionadas con sus servicios, o con los de las entidades miembro. En este caso, los terceros nunca tendr\u00e1n acceso a los datos personales. (por el consentimiento del [&hellip;]<\/p>\n","protected":false},"author":3,"featured_media":0,"parent":0,"menu_order":0,"comment_status":"closed","ping_status":"closed","template":"","meta":{"_acf_changed":false,"_et_pb_use_builder":"on","_et_pb_old_content":"","_et_gb_content_width":"","_monsterinsights_skip_tracking":false,"_monsterinsights_sitenote_active":false,"_monsterinsights_sitenote_note":"","_monsterinsights_sitenote_category":0,"footnotes":""},"class_list":["post-16585","page","type-page","status-publish","hentry"],"acf":[],"_links":{"self":[{"href":"https:\/\/plataformavoluntariat.org\/es\/wp-json\/wp\/v2\/pages\/16585","targetHints":{"allow":["GET"]}}],"collection":[{"href":"https:\/\/plataformavoluntariat.org\/es\/wp-json\/wp\/v2\/pages"}],"about":[{"href":"https:\/\/plataformavoluntariat.org\/es\/wp-json\/wp\/v2\/types\/page"}],"author":[{"embeddable":true,"href":"https:\/\/plataformavoluntariat.org\/es\/wp-json\/wp\/v2\/users\/3"}],"replies":[{"embeddable":true,"href":"https:\/\/plataformavoluntariat.org\/es\/wp-json\/wp\/v2\/comments?post=16585"}],"version-history":[{"count":7,"href":"https:\/\/plataformavoluntariat.org\/es\/wp-json\/wp\/v2\/pages\/16585\/revisions"}],"predecessor-version":[{"id":17836,"href":"https:\/\/plataformavoluntariat.org\/es\/wp-json\/wp\/v2\/pages\/16585\/revisions\/17836"}],"wp:attachment":[{"href":"https:\/\/plataformavoluntariat.org\/es\/wp-json\/wp\/v2\/media?parent=16585"}],"curies":[{"name":"wp","href":"https:\/\/api.w.org\/{rel}","templated":true}]}}