{"id":16566,"date":"2024-07-12T12:04:23","date_gmt":"2024-07-12T11:04:23","guid":{"rendered":"https:\/\/plataformavoluntariat.org\/?page_id=16566"},"modified":"2024-07-16T09:01:12","modified_gmt":"2024-07-16T08:01:12","slug":"formaciones-especificas-de-voluntariado","status":"publish","type":"page","link":"https:\/\/plataformavoluntariat.org\/es\/formaciones-especificas-de-voluntariado\/","title":{"rendered":"Formaciones Espec\u00edficas de Voluntariado"},"content":{"rendered":"<p>[et_pb_section fb_built=\u00bb1&#8243; fullwidth=\u00bbon\u00bb _builder_version=\u00bb4.16&#8243; global_colors_info=\u00bb{}\u00bb theme_builder_area=\u00bbpost_content\u00bb][et_pb_fullwidth_code _builder_version=\u00bb4.16&#8243; z_index_tablet=\u00bb500&#8243; global_colors_info=\u00bb{}\u00bb theme_builder_area=\u00bbpost_content\u00bb][\/et_pb_fullwidth_code][\/et_pb_section][et_pb_section fb_built=\u00bb1&#8243; _builder_version=\u00bb4.16&#8243; global_colors_info=\u00bb{}\u00bb theme_builder_area=\u00bbpost_content\u00bb][et_pb_row _builder_version=\u00bb4.16&#8243; background_size=\u00bbinitial\u00bb background_position=\u00bbtop_left\u00bb background_repeat=\u00bbrepeat\u00bb global_colors_info=\u00bb{}\u00bb theme_builder_area=\u00bbpost_content\u00bb][et_pb_column type=\u00bb4_4&#8243; _builder_version=\u00bb4.16&#8243; custom_padding=\u00bb|||\u00bb global_colors_info=\u00bb{}\u00bb custom_padding__hover=\u00bb|||\u00bb theme_builder_area=\u00bbpost_content\u00bb][et_pb_text admin_label=\u00bbFormacions espec\u00edfiques\u00bb _builder_version=\u00bb4.16&#8243; z_index_tablet=\u00bb500&#8243; text_text_shadow_horizontal_length_tablet=\u00bb0px\u00bb text_text_shadow_vertical_length_tablet=\u00bb0px\u00bb text_text_shadow_blur_strength_tablet=\u00bb1px\u00bb link_text_shadow_horizontal_length_tablet=\u00bb0px\u00bb link_text_shadow_vertical_length_tablet=\u00bb0px\u00bb link_text_shadow_blur_strength_tablet=\u00bb1px\u00bb ul_text_shadow_horizontal_length_tablet=\u00bb0px\u00bb ul_text_shadow_vertical_length_tablet=\u00bb0px\u00bb ul_text_shadow_blur_strength_tablet=\u00bb1px\u00bb ol_text_shadow_horizontal_length_tablet=\u00bb0px\u00bb ol_text_shadow_vertical_length_tablet=\u00bb0px\u00bb ol_text_shadow_blur_strength_tablet=\u00bb1px\u00bb quote_text_shadow_horizontal_length_tablet=\u00bb0px\u00bb quote_text_shadow_vertical_length_tablet=\u00bb0px\u00bb quote_text_shadow_blur_strength_tablet=\u00bb1px\u00bb header_text_shadow_horizontal_length_tablet=\u00bb0px\u00bb header_text_shadow_vertical_length_tablet=\u00bb0px\u00bb header_text_shadow_blur_strength_tablet=\u00bb1px\u00bb header_2_text_shadow_horizontal_length_tablet=\u00bb0px\u00bb header_2_text_shadow_vertical_length_tablet=\u00bb0px\u00bb header_2_text_shadow_blur_strength_tablet=\u00bb1px\u00bb header_3_text_shadow_horizontal_length_tablet=\u00bb0px\u00bb header_3_text_shadow_vertical_length_tablet=\u00bb0px\u00bb header_3_text_shadow_blur_strength_tablet=\u00bb1px\u00bb header_4_text_shadow_horizontal_length_tablet=\u00bb0px\u00bb header_4_text_shadow_vertical_length_tablet=\u00bb0px\u00bb header_4_text_shadow_blur_strength_tablet=\u00bb1px\u00bb header_5_text_shadow_horizontal_length_tablet=\u00bb0px\u00bb header_5_text_shadow_vertical_length_tablet=\u00bb0px\u00bb header_5_text_shadow_blur_strength_tablet=\u00bb1px\u00bb header_6_text_shadow_horizontal_length_tablet=\u00bb0px\u00bb header_6_text_shadow_vertical_length_tablet=\u00bb0px\u00bb header_6_text_shadow_blur_strength_tablet=\u00bb1px\u00bb box_shadow_horizontal_tablet=\u00bb0px\u00bb box_shadow_vertical_tablet=\u00bb0px\u00bb box_shadow_blur_tablet=\u00bb40px\u00bb box_shadow_spread_tablet=\u00bb0px\u00bb global_colors_info=\u00bb{}\u00bb theme_builder_area=\u00bbpost_content\u00bb]<\/p>\n<div class=\"Qr7Oae\" role=\"listitem\">\n<div class=\"XkWAb\" data-params=\"%.@.[318107546,null,null,4,[[899285261,[[\"Voluntariat a l'\u00e0mbit de la salut mental. Rompent mites - 19 de Maig\",null,null,null,false]],false,[],[],null,null,null,false,null,[null,[]]]],null,null,null,[]],\"i35\",\"i36\",\"i37\",false]\">\n<div class=\"geS5n\">\n<div class=\"Y6Myld\">\n<div class=\"\" role=\"list\" aria-labelledby=\"i35\" aria-describedby=\"i36 i37 i39\">\n<div class=\"eBFwI\" role=\"listitem\">\n<div class=\"bzfPab wFGF8\">\n<div class=\"YEVVod\">\n<div style=\"text-align: center;\"><strong>FORMACIONES ESPEC\u00cdFICAS PARA VOLUNTARIADO 2023<\/strong><\/div>\n<div> <\/div>\n<\/div>\n<\/div>\n<\/div>\n<\/div>\n<\/div>\n<\/div>\n<\/div>\n<\/div>\n<div class=\"Qr7Oae\" role=\"listitem\">\n<div class=\"XkWAb\" data-params=\"%.@.[610715043,null,null,4,[[1856428737,[[\"Voluntariat a l'\u00e0mbit de la discapacitat intel\u00b7lectual. Potenciem les capacitats! - 7 de Juny\",null,null,null,false]],false,[],[],null,null,null,false,null,[null,[]]]],null,null,null,[]],\"i43\",\"i44\",\"i45\",false]\">\n<div class=\"geS5n\">\n<div class=\"Y6Myld\">\n<div class=\"Qr7Oae\" role=\"listitem\">\n<div class=\"XkWAb\" data-params=\"%.@.[610715043,null,null,4,[[1856428737,[[\"Voluntariat a l'\u00e0mbit de la discapacitat intel\u00b7lectual. Potenciem les capacitats! - 7 de Juny\",null,null,null,false]],false,[],[],null,null,null,false,null,[null,[]]]],null,null,null,[]],\"i43\",\"i44\",\"i45\",false]\">\n<div class=\"geS5n\">\n<div class=\"Y6Myld\">\n<div>\n<div>\n<div class=\"YEVVod\">\n<div>La Plataforma del Voluntariado de las Islas Baleares apostamos por una educaci\u00f3n de calidad de nuestro voluntariado y de las entidades.<\/div>\n<div>Favoreciendo as\u00ed la consecuci\u00f3n del 4\u00ba Objetivo de Desarrollo Sostenible \u00abeducaci\u00f3n de calidad\u00bb en la agenda 2030.<\/div>\n<div> <\/div>\n<div>En esta secci\u00f3n iremos publicando las formaciones espec\u00edficas dirigidas a personas voluntarias que deseen mejorar sus capacidades y habilidades para desarrollar la acci\u00f3n voluntaria.<\/div>\n<\/div>\n<div> <\/div>\n<div>(en actualizaci\u00f3n)<\/div>\n<\/div>\n<\/div>\n<\/div>\n<\/div>\n<\/div>\n<\/div>\n<\/div>\n<\/div>\n<\/div>\n<\/div>\n<p>[\/et_pb_text][\/et_pb_column][\/et_pb_row][\/et_pb_section][et_pb_section fb_built=\u00bb1&#8243; _builder_version=\u00bb4.16&#8243; background_image=\u00bbhttps:\/\/plataformavoluntariat.org\/wp-content\/uploads\/2019\/06\/classroom-2104691_1920.jpg\u00bb parallax=\u00bbon\u00bb parallax_method=\u00bboff\u00bb inner_width_tablet=\u00bb50px\u00bb inner_max_width_tablet=\u00bb100px\u00bb inner_max_width_phone=\u00bb50px\u00bb custom_margin=\u00bb||50px|\u00bb z_index_tablet=\u00bb500&#8243; box_shadow_horizontal_tablet=\u00bb0px\u00bb box_shadow_vertical_tablet=\u00bb0px\u00bb box_shadow_blur_tablet=\u00bb40px\u00bb box_shadow_spread_tablet=\u00bb0px\u00bb global_colors_info=\u00bb{}\u00bb theme_builder_area=\u00bbpost_content\u00bb][et_pb_row _builder_version=\u00bb4.16&#8243; module_alignment=\u00bbcenter\u00bb z_index_tablet=\u00bb500&#8243; box_shadow_horizontal_tablet=\u00bb0px\u00bb box_shadow_vertical_tablet=\u00bb0px\u00bb box_shadow_blur_tablet=\u00bb40px\u00bb box_shadow_spread_tablet=\u00bb0px\u00bb global_colors_info=\u00bb{}\u00bb theme_builder_area=\u00bbpost_content\u00bb][et_pb_column type=\u00bb4_4&#8243; _builder_version=\u00bb4.16&#8243; custom_padding=\u00bb|||\u00bb global_colors_info=\u00bb{}\u00bb custom_padding__hover=\u00bb|||\u00bb theme_builder_area=\u00bbpost_content\u00bb][et_pb_code admin_label=\u00bbFormulario inscripci\u00f3n\u00bb _builder_version=\u00bb4.16&#8243; text_orientation=\u00bbcenter\u00bb z_index_tablet=\u00bb500&#8243; global_colors_info=\u00bb{}\u00bb theme_builder_area=\u00bbpost_content\u00bb]<iframe loading=\"lazy\" src=\"https:\/\/docs.google.com\/forms\/d\/e\/1FAIpQLSeRjYP-XDdlHVZ6kE1LZ-Jk8tyN_fKci45hfBIU8CCzj4UEjA\/viewform\" width=\"640\" height=\"1861\" frameborder=\"0\" marginheight=\"0\" marginwidth=\"0\" style=\"zoom:1.1;  \">Cargando&#8230;<\/iframe>[\/et_pb_code][\/et_pb_column][\/et_pb_row][\/et_pb_section]<\/p>\n","protected":false},"excerpt":{"rendered":"\n","protected":false},"author":3,"featured_media":0,"parent":0,"menu_order":0,"comment_status":"closed","ping_status":"closed","template":"","meta":{"_acf_changed":false,"_et_pb_use_builder":"on","_et_pb_old_content":"","_et_gb_content_width":"","_monsterinsights_skip_tracking":false,"_monsterinsights_sitenote_active":false,"_monsterinsights_sitenote_note":"","_monsterinsights_sitenote_category":0,"footnotes":""},"class_list":["post-16566","page","type-page","status-publish","hentry"],"acf":[],"_links":{"self":[{"href":"https:\/\/plataformavoluntariat.org\/es\/wp-json\/wp\/v2\/pages\/16566","targetHints":{"allow":["GET"]}}],"collection":[{"href":"https:\/\/plataformavoluntariat.org\/es\/wp-json\/wp\/v2\/pages"}],"about":[{"href":"https:\/\/plataformavoluntariat.org\/es\/wp-json\/wp\/v2\/types\/page"}],"author":[{"embeddable":true,"href":"https:\/\/plataformavoluntariat.org\/es\/wp-json\/wp\/v2\/users\/3"}],"replies":[{"embeddable":true,"href":"https:\/\/plataformavoluntariat.org\/es\/wp-json\/wp\/v2\/comments?post=16566"}],"version-history":[{"count":4,"href":"https:\/\/plataformavoluntariat.org\/es\/wp-json\/wp\/v2\/pages\/16566\/revisions"}],"predecessor-version":[{"id":16618,"href":"https:\/\/plataformavoluntariat.org\/es\/wp-json\/wp\/v2\/pages\/16566\/revisions\/16618"}],"wp:attachment":[{"href":"https:\/\/plataformavoluntariat.org\/es\/wp-json\/wp\/v2\/media?parent=16566"}],"curies":[{"name":"wp","href":"https:\/\/api.w.org\/{rel}","templated":true}]}}