{"id":16560,"date":"2024-07-15T11:01:55","date_gmt":"2024-07-15T10:01:55","guid":{"rendered":"https:\/\/plataformavoluntariat.org\/?page_id=16560"},"modified":"2026-03-31T10:33:16","modified_gmt":"2026-03-31T09:33:16","slug":"formacion-basica-de-voluntariado","status":"publish","type":"page","link":"https:\/\/plataformavoluntariat.org\/es\/formacion-basica-de-voluntariado\/","title":{"rendered":"Formaci\u00f3n B\u00e1sica de Voluntariado"},"content":{"rendered":"<p>[et_pb_section fb_built=\u00bb1&#8243; fullwidth=\u00bbon\u00bb _builder_version=\u00bb4.16&#8243; global_colors_info=\u00bb{}\u00bb][et_pb_fullwidth_header title=\u00bbFormaci\u00f3n B\u00e1sica del Voluntariado\u00bb text_orientation=\u00bbcenter\u00bb _builder_version=\u00bb4.26.1&#8243; _module_preset=\u00bbdefault\u00bb title_font=\u00bb&#8211;et_global_heading_font|600|||||||\u00bb title_font_size=\u00bb50px\u00bb background_color=\u00bbRGBA(255,255,255,0)\u00bb background_image=\u00bbhttps:\/\/plataformavoluntariat.org\/wp-content\/uploads\/2024\/07\/formacio-basica-1.png\u00bb parallax=\u00bbon\u00bb height_tablet=\u00bb\u00bb height_phone=\u00bb\u00bb height_last_edited=\u00bbon|phone\u00bb global_colors_info=\u00bb{}\u00bb][\/et_pb_fullwidth_header][\/et_pb_section][et_pb_section fb_built=\u00bb1&#8243; _builder_version=\u00bb4.27.4&#8243; global_colors_info=\u00bb{}\u00bb][et_pb_row _builder_version=\u00bb4.16&#8243; background_size=\u00bbinitial\u00bb background_position=\u00bbtop_left\u00bb background_repeat=\u00bbrepeat\u00bb global_colors_info=\u00bb{}\u00bb][et_pb_column type=\u00bb4_4&#8243; _builder_version=\u00bb4.16&#8243; custom_padding=\u00bb|||\u00bb global_colors_info=\u00bb{}\u00bb custom_padding__hover=\u00bb|||\u00bb][et_pb_text admin_label=\u00bbInformaci\u00f3 i properes formacions\u00bb _builder_version=\u00bb4.27.4&#8243; custom_margin=\u00bb||0px||false|false\u00bb custom_padding=\u00bb||0px|||\u00bb z_index_tablet=\u00bb500&#8243; text_text_shadow_horizontal_length_tablet=\u00bb0px\u00bb text_text_shadow_vertical_length_tablet=\u00bb0px\u00bb text_text_shadow_blur_strength_tablet=\u00bb1px\u00bb link_text_shadow_horizontal_length_tablet=\u00bb0px\u00bb link_text_shadow_vertical_length_tablet=\u00bb0px\u00bb link_text_shadow_blur_strength_tablet=\u00bb1px\u00bb ul_text_shadow_horizontal_length_tablet=\u00bb0px\u00bb ul_text_shadow_vertical_length_tablet=\u00bb0px\u00bb ul_text_shadow_blur_strength_tablet=\u00bb1px\u00bb ol_text_shadow_horizontal_length_tablet=\u00bb0px\u00bb ol_text_shadow_vertical_length_tablet=\u00bb0px\u00bb ol_text_shadow_blur_strength_tablet=\u00bb1px\u00bb quote_text_shadow_horizontal_length_tablet=\u00bb0px\u00bb quote_text_shadow_vertical_length_tablet=\u00bb0px\u00bb quote_text_shadow_blur_strength_tablet=\u00bb1px\u00bb header_text_shadow_horizontal_length_tablet=\u00bb0px\u00bb header_text_shadow_vertical_length_tablet=\u00bb0px\u00bb header_text_shadow_blur_strength_tablet=\u00bb1px\u00bb header_2_text_shadow_horizontal_length_tablet=\u00bb0px\u00bb header_2_text_shadow_vertical_length_tablet=\u00bb0px\u00bb header_2_text_shadow_blur_strength_tablet=\u00bb1px\u00bb header_3_text_shadow_horizontal_length_tablet=\u00bb0px\u00bb header_3_text_shadow_vertical_length_tablet=\u00bb0px\u00bb header_3_text_shadow_blur_strength_tablet=\u00bb1px\u00bb header_4_text_shadow_horizontal_length_tablet=\u00bb0px\u00bb header_4_text_shadow_vertical_length_tablet=\u00bb0px\u00bb header_4_text_shadow_blur_strength_tablet=\u00bb1px\u00bb header_5_text_shadow_horizontal_length_tablet=\u00bb0px\u00bb header_5_text_shadow_vertical_length_tablet=\u00bb0px\u00bb header_5_text_shadow_blur_strength_tablet=\u00bb1px\u00bb header_6_text_shadow_horizontal_length_tablet=\u00bb0px\u00bb header_6_text_shadow_vertical_length_tablet=\u00bb0px\u00bb header_6_text_shadow_blur_strength_tablet=\u00bb1px\u00bb box_shadow_horizontal_tablet=\u00bb0px\u00bb box_shadow_vertical_tablet=\u00bb0px\u00bb box_shadow_blur_tablet=\u00bb40px\u00bb box_shadow_spread_tablet=\u00bb0px\u00bb global_colors_info=\u00bb{}\u00bb]<\/p>\n<h4><strong><\/strong><\/h4>\n<h4><strong>Destinado a:<\/strong><\/h4>\n<p>Personas que han empezado recientemente a hacer voluntariado en alg\u00fan programa o aquellas personas que est\u00e1n interesadas en conocer el mundo del voluntariado<\/p>\n<p>&nbsp;<\/p>\n<h4><strong>Objetivos del curso:<\/strong><\/h4>\n<ul>\n<li>La adquisici\u00f3n de conocimientos b\u00e1sicos del concepto de voluntariado y la participaci\u00f3n social.<\/li>\n<li>Conocer los derechos y deberes de las personas voluntarias.<\/li>\n<li>Reconocer el papel de las entidades y otros agentes en el voluntariado.<\/li>\n<li>Tener una visi\u00f3n m\u00e1s completa del voluntariado en las Islas Baleares.<\/li>\n<li>Conocer las normativas y recursos de voluntariado existentes.<\/li>\n<\/ul>\n<p>&nbsp;<\/p>\n<h4><strong>Certificaci\u00f3n:<\/strong><\/h4>\n<p>Se emitir\u00e1 al concluir la formaci\u00f3n un certificado de realizaci\u00f3n del curso. Este certificado se le remitir\u00e1 presencialmente a las formaciones de esta modalidad o por las de modalidad online, por correo electr\u00f3nico, en caso de estar interesados \u200b\u200ben tenerlo en f\u00edsico, podr\u00e1 recogerlo en el espacio de atenci\u00f3n al p\u00fablico de la PLAVIB (Espacio de Entidades Isabel Rossell\u00f3 i Girart de Palma, c. Felip II, 17, 3r piso, Palma).<\/p>\n<p>[\/et_pb_text][\/et_pb_column][\/et_pb_row][et_pb_row _builder_version=\u00bb4.27.4&#8243; _module_preset=\u00bbdefault\u00bb background_color=\u00bb#B5D96F\u00bb custom_margin=\u00bb10px||||false|false\u00bb custom_padding=\u00bb10px||||false|false\u00bb global_colors_info=\u00bb{}\u00bb][et_pb_column type=\u00bb4_4&#8243; _builder_version=\u00bb4.27.4&#8243; _module_preset=\u00bbdefault\u00bb global_colors_info=\u00bb{}\u00bb][et_pb_text admin_label=\u00bbInformaci\u00f3 i properes formacions\u00bb _builder_version=\u00bb4.27.4&#8243; background_color=\u00bbRGBA(255,255,255,0)\u00bb custom_margin=\u00bb||0px|10px|false|false\u00bb custom_margin_tablet=\u00bb||0px|10px|false|false\u00bb custom_margin_phone=\u00bb||0px|10px|false|false\u00bb custom_margin_last_edited=\u00bbon|desktop\u00bb custom_padding=\u00bb|0px|0px|||\u00bb z_index_tablet=\u00bb500&#8243; text_text_shadow_horizontal_length_tablet=\u00bb0px\u00bb text_text_shadow_vertical_length_tablet=\u00bb0px\u00bb text_text_shadow_blur_strength_tablet=\u00bb1px\u00bb link_text_shadow_horizontal_length_tablet=\u00bb0px\u00bb link_text_shadow_vertical_length_tablet=\u00bb0px\u00bb link_text_shadow_blur_strength_tablet=\u00bb1px\u00bb ul_text_shadow_horizontal_length_tablet=\u00bb0px\u00bb ul_text_shadow_vertical_length_tablet=\u00bb0px\u00bb ul_text_shadow_blur_strength_tablet=\u00bb1px\u00bb ol_text_shadow_horizontal_length_tablet=\u00bb0px\u00bb ol_text_shadow_vertical_length_tablet=\u00bb0px\u00bb ol_text_shadow_blur_strength_tablet=\u00bb1px\u00bb quote_text_shadow_horizontal_length_tablet=\u00bb0px\u00bb quote_text_shadow_vertical_length_tablet=\u00bb0px\u00bb quote_text_shadow_blur_strength_tablet=\u00bb1px\u00bb header_text_shadow_horizontal_length_tablet=\u00bb0px\u00bb header_text_shadow_vertical_length_tablet=\u00bb0px\u00bb header_text_shadow_blur_strength_tablet=\u00bb1px\u00bb header_2_text_shadow_horizontal_length_tablet=\u00bb0px\u00bb header_2_text_shadow_vertical_length_tablet=\u00bb0px\u00bb header_2_text_shadow_blur_strength_tablet=\u00bb1px\u00bb header_3_text_shadow_horizontal_length_tablet=\u00bb0px\u00bb header_3_text_shadow_vertical_length_tablet=\u00bb0px\u00bb header_3_text_shadow_blur_strength_tablet=\u00bb1px\u00bb header_4_text_shadow_horizontal_length_tablet=\u00bb0px\u00bb header_4_text_shadow_vertical_length_tablet=\u00bb0px\u00bb header_4_text_shadow_blur_strength_tablet=\u00bb1px\u00bb header_5_text_shadow_horizontal_length_tablet=\u00bb0px\u00bb header_5_text_shadow_vertical_length_tablet=\u00bb0px\u00bb header_5_text_shadow_blur_strength_tablet=\u00bb1px\u00bb header_6_text_shadow_horizontal_length_tablet=\u00bb0px\u00bb header_6_text_shadow_vertical_length_tablet=\u00bb0px\u00bb header_6_text_shadow_blur_strength_tablet=\u00bb1px\u00bb box_shadow_horizontal_tablet=\u00bb0px\u00bb box_shadow_vertical_tablet=\u00bb0px\u00bb box_shadow_blur_tablet=\u00bb40px\u00bb box_shadow_spread_tablet=\u00bb0px\u00bb global_colors_info=\u00bb{}\u00bb]<\/p>\n<div class=\"nWQGrd zwllIb\">\n<div class=\"bzfPab wFGF8\">\n<div class=\"d7L4fc bJNwt FXLARc aomaEc ECvBRb\">\n<div role=\"radio\" aria-label=\"Formaci\u00f3 B\u00e0sica del Voluntariat Online (28 de Novembre al 4 de Desembre)\" data-value=\"Formaci\u00f3 B\u00e0sica del Voluntariat Online (28 de Novembre al 4 de Desembre)\" aria-checked=\"false\" aria-posinset=\"15\" aria-setsize=\"17\" tabindex=\"-1\">\n<div role=\"radio\" aria-label=\"Formaci\u00f3 B\u00e0sica del Voluntariat Online (28 de Novembre al 4 de Desembre)\" data-value=\"Formaci\u00f3 B\u00e0sica del Voluntariat Online (28 de Novembre al 4 de Desembre)\" aria-checked=\"false\" aria-posinset=\"15\" aria-setsize=\"17\" tabindex=\"-1\">\n<h4><strong>Modalidades:<\/strong><\/h4>\n<\/div>\n<\/div>\n<\/div>\n<\/div>\n<\/div>\n<p>[\/et_pb_text][\/et_pb_column][\/et_pb_row][et_pb_row column_structure=\u00bb1_3,1_3,1_3&#8243; _builder_version=\u00bb4.27.4&#8243; _module_preset=\u00bbdefault\u00bb background_color=\u00bb#B5D96F\u00bb custom_margin=\u00bb-20px||||false|false\u00bb custom_margin_tablet=\u00bb-10px||||false|false\u00bb custom_margin_phone=\u00bb-10px||||false|false\u00bb custom_margin_last_edited=\u00bbon|tablet\u00bb global_colors_info=\u00bb{}\u00bb][et_pb_column type=\u00bb1_3&#8243; _builder_version=\u00bb4.27.4&#8243; _module_preset=\u00bbdefault\u00bb global_colors_info=\u00bb{}\u00bb][et_pb_text _builder_version=\u00bb4.27.4&#8243; _module_preset=\u00bbdefault\u00bb background_color=\u00bbRGBA(255,255,255,0)\u00bb custom_padding=\u00bb|10px||10px|false|true\u00bb global_colors_info=\u00bb{}\u00bb]<\/p>\n<p style=\"text-align: center;\"><strong>Presencial<\/strong><\/p>\n<p style=\"text-align: justify;\">Se realiza mediante una exposici\u00f3n presencial de los contenidos con din\u00e1micas y actividades para favorecer la participaci\u00f3n de los asistentes. Tiene una duraci\u00f3n aproximada de cuatro horas.<\/p>\n<p>[\/et_pb_text][\/et_pb_column][et_pb_column type=\u00bb1_3&#8243; _builder_version=\u00bb4.27.4&#8243; _module_preset=\u00bbdefault\u00bb global_colors_info=\u00bb{}\u00bb][et_pb_text _builder_version=\u00bb4.27.4&#8243; _module_preset=\u00bbdefault\u00bb background_color=\u00bbRGBA(255,255,255,0)\u00bb custom_padding_tablet=\u00bb\u00bb custom_padding_phone=\u00bb|10px||10px|false|false\u00bb custom_padding_last_edited=\u00bbon|phone\u00bb global_colors_info=\u00bb{}\u00bb]<\/p>\n<p style=\"text-align: center;\"><strong>Online<\/strong><\/p>\n<p style=\"text-align: justify;\">Se realiza mediante la herramienta Google Classroom, de forma aut\u00f3noma y adapt\u00e1ndose al horario personal, al ser una formaci\u00f3n que se puede realizar en cualquier momento durante el per\u00edodo de una semana. Tiene una duraci\u00f3n aproximada de cuatro horas m\u00e1s el tiempo de aprendizaje de la herramienta Google Classroom.<\/p>\n<p>[\/et_pb_text][\/et_pb_column][et_pb_column type=\u00bb1_3&#8243; _builder_version=\u00bb4.27.4&#8243; _module_preset=\u00bbdefault\u00bb global_colors_info=\u00bb{}\u00bb][et_pb_text _builder_version=\u00bb4.27.4&#8243; _module_preset=\u00bbdefault\u00bb background_color=\u00bbRGBA(255,255,255,0)\u00bb custom_margin=\u00bb|8px||||\u00bb custom_padding=\u00bb|0px||0px|false|false\u00bb custom_padding_tablet=\u00bb|0px||0px|false|false\u00bb custom_padding_phone=\u00bb|10px||10px|false|false\u00bb custom_padding_last_edited=\u00bbon|phone\u00bb global_colors_info=\u00bb{}\u00bb]<\/p>\n<p style=\"text-align: center;\"><strong>Lectura f\u00e1cil<\/strong><\/p>\n<p style=\"text-align: justify;\">Formaci\u00f3n adaptada a personas que tengan necesidades de soporte espec\u00edfico o que busquen que el contenido sea accesible, simplificando el temario. Se puede realizar de forma abierta y aut\u00f3noma. Esta formaci\u00f3n ha sido impulsada y validada por Esment.  <\/p>\n<p style=\"text-align: justify;\">Para m\u00e1s informaci\u00f3n y acceso se debe clicar el siguiente enlace:<\/p>\n<p style=\"text-align: justify;\">[\/et_pb_text][et_pb_button button_url=\u00bbhttps:\/\/plataformavoluntariat.org\/es\/formacion-basica-lectura-facil\/\u00bb button_text=\u00bbFormaci\u00f3n Lectura F\u00e1cil\u00bb button_alignment=\u00bbcenter\u00bb _builder_version=\u00bb4.27.4&#8243; _module_preset=\u00bbdefault\u00bb background_layout=\u00bbdark\u00bb custom_margin=\u00bb-30px||14px||false|false\u00bb custom_margin_tablet=\u00bb-30px||14px||false|false\u00bb custom_margin_phone=\u00bb-30px||14px||false|false\u00bb custom_margin_last_edited=\u00bbon|desktop\u00bb global_colors_info=\u00bb{}\u00bb][\/et_pb_button][\/et_pb_column][\/et_pb_row][et_pb_row _builder_version=\u00bb4.27.4&#8243; _module_preset=\u00bbdefault\u00bb global_colors_info=\u00bb{}\u00bb][et_pb_column type=\u00bb4_4&#8243; _builder_version=\u00bb4.21.0&#8243; _module_preset=\u00bbdefault\u00bb global_colors_info=\u00bb{}\u00bb][et_pb_text _builder_version=\u00bb4.27.4&#8243; _module_preset=\u00bbdefault\u00bb global_colors_info=\u00bb{}\u00bb]<\/p>\n<h3><\/h3>\n<h3><strong>Pr\u00f3ximas formaciones<\/strong><\/h3>\n<h5 style=\"padding-left: 40px;\"><\/h5>\n<p><span style=\"font-weight: 400;\">Formaci\u00f3n B\u00e1sica del Voluntariado <\/span><b>Online<\/b><span style=\"font-weight: 400;\"> \u2013 Del 6 al 12 de abril de 2026 \u2013 A trav\u00e9s de Google Classroom<\/span><\/p>\n<p><span style=\"font-weight: 400;\">Formaci\u00f3n B\u00e1sica del Voluntariado <\/span><b>Online<\/b><span style=\"font-weight: 400;\"> \u2013 Del 20 al 26 de abril de 2026 \u2013 A trav\u00e9s de Google Classroom<\/span><\/p>\n<p><span style=\"font-weight: 400;\">Formaci\u00f3n B\u00e1sica del Voluntariado <\/span><b>Presencial<\/b><span style=\"font-weight: 400;\"> \u2013 30 de abril de 2026 de 16h a 20h (Manacor \u2013 Creu Roja Manacor &#8211; Carrer del Capell\u00e0 Pere Llull, 3)<\/span><\/p>\n<p><span style=\"font-weight: 400;\">Formaci\u00f3n B\u00e1sica del Voluntariado <\/span><b>Online<\/b><span style=\"font-weight: 400;\"> \u2013 Del 4 al 10 de mayo de 2026 \u2013 A trav\u00e9s de Google Classroom<\/span><\/p>\n<p><span style=\"font-weight: 400;\">Formaci\u00f3n B\u00e1sica del Voluntariado <\/span><b>Presencial<\/b><span style=\"font-weight: 400;\"> \u2013 4 de junio de 2026 de 16h a 20h (Inca\u2013 Hospital Sant Joan de D\u00e9u Inca &#8211; Sala Polivalent (2\u00aa Planta).<\/span><\/p>\n<p><span style=\"font-weight: 400;\">Formaci\u00f3n B\u00e1sica del Voluntariado <\/span><b>Online<\/b><span style=\"font-weight: 400;\"> \u2013 Del 8 al 14 de junio de 2026 \u2013 A trav\u00e9s de Google Classroom<\/span><\/p>\n<p><span style=\"font-weight: 400;\">Formaci\u00f3n B\u00e1sica del Voluntariado <\/span><b>Online<\/b><span style=\"font-weight: 400;\"> \u2013 Del 22 al 28 de junio de 2026 \u2013 A trav\u00e9s de Google Classroom<\/span><\/p>\n<p>[\/et_pb_text][\/et_pb_column][\/et_pb_row][\/et_pb_section][et_pb_section fb_built=\u00bb1&#8243; _builder_version=\u00bb4.16&#8243; background_image=\u00bbhttps:\/\/plataformavoluntariat.org\/wp-content\/uploads\/2019\/06\/classroom-2104691_1920.jpg\u00bb parallax=\u00bbon\u00bb parallax_method=\u00bboff\u00bb inner_width_tablet=\u00bb50px\u00bb inner_max_width_tablet=\u00bb100px\u00bb inner_max_width_phone=\u00bb50px\u00bb custom_margin=\u00bb||50px|\u00bb z_index_tablet=\u00bb500&#8243; box_shadow_horizontal_tablet=\u00bb0px\u00bb box_shadow_vertical_tablet=\u00bb0px\u00bb box_shadow_blur_tablet=\u00bb40px\u00bb box_shadow_spread_tablet=\u00bb0px\u00bb global_colors_info=\u00bb{}\u00bb][et_pb_row _builder_version=\u00bb4.16&#8243; max_width_last_edited=\u00bboff|\u00bb module_alignment=\u00bbcenter\u00bb z_index_tablet=\u00bb500&#8243; box_shadow_horizontal_tablet=\u00bb0px\u00bb box_shadow_vertical_tablet=\u00bb0px\u00bb box_shadow_blur_tablet=\u00bb40px\u00bb box_shadow_spread_tablet=\u00bb0px\u00bb global_colors_info=\u00bb{}\u00bb][et_pb_column type=\u00bb4_4&#8243; _builder_version=\u00bb4.16&#8243; custom_padding=\u00bb|||\u00bb global_colors_info=\u00bb{}\u00bb custom_padding__hover=\u00bb|||\u00bb][et_pb_code admin_label=\u00bbFormulari Inscripci\u00f3\u00bb _builder_version=\u00bb4.27.4&#8243; text_orientation=\u00bbcenter\u00bb z_index_tablet=\u00bb500&#8243; global_colors_info=\u00bb{}\u00bb]<iframe loading=\"lazy\" src=\"https:\/\/forms.gle\/f9uMW11y7iM1Ufea8\" width=\"800\" height=\"800\" frameborder=\"0\" marginheight=\"0\" marginwidth=\"0\">Cargando\u2026<\/iframe>[\/et_pb_code][\/et_pb_column][\/et_pb_row][\/et_pb_section]<\/p>\n","protected":false},"excerpt":{"rendered":"<p>Destinado a: Personas que han empezado recientemente a hacer voluntariado en alg\u00fan programa o aquellas personas que est\u00e1n interesadas en conocer el mundo del voluntariado &nbsp; Objetivos del curso: La adquisici\u00f3n de conocimientos b\u00e1sicos del concepto de voluntariado y la participaci\u00f3n social. Conocer los derechos y deberes de las personas voluntarias. Reconocer el papel de las entidades y otros agentes en el voluntariado. Tener una visi\u00f3n m\u00e1s completa del voluntariado en las Islas Baleares. Conocer las normativas y recursos de voluntariado existentes. &nbsp; Certificaci\u00f3n: Se emitir\u00e1 al concluir la formaci\u00f3n un certificado de realizaci\u00f3n del curso. Este certificado se le remitir\u00e1 presencialmente a las formaciones de esta modalidad o por las de modalidad online, por correo electr\u00f3nico, en caso de estar interesados \u200b\u200ben tenerlo en f\u00edsico, podr\u00e1 recogerlo en el espacio de atenci\u00f3n al p\u00fablico de la PLAVIB (Espacio de Entidades Isabel Rossell\u00f3 i Girart de Palma, c. Felip II, 17, 3r piso, Palma). Modalidades: Presencial Se realiza mediante una exposici\u00f3n presencial de los contenidos con din\u00e1micas y actividades para favorecer la participaci\u00f3n de los asistentes. Tiene una duraci\u00f3n aproximada de cuatro horas.Online Se realiza mediante la herramienta Google Classroom, de forma aut\u00f3noma y adapt\u00e1ndose al horario personal, al ser [&hellip;]<\/p>\n","protected":false},"author":3,"featured_media":0,"parent":0,"menu_order":0,"comment_status":"closed","ping_status":"closed","template":"","meta":{"_acf_changed":false,"_et_pb_use_builder":"on","_et_pb_old_content":"","_et_gb_content_width":"","_monsterinsights_skip_tracking":false,"_monsterinsights_sitenote_active":false,"_monsterinsights_sitenote_note":"","_monsterinsights_sitenote_category":0,"footnotes":""},"class_list":["post-16560","page","type-page","status-publish","hentry"],"acf":[],"_links":{"self":[{"href":"https:\/\/plataformavoluntariat.org\/es\/wp-json\/wp\/v2\/pages\/16560","targetHints":{"allow":["GET"]}}],"collection":[{"href":"https:\/\/plataformavoluntariat.org\/es\/wp-json\/wp\/v2\/pages"}],"about":[{"href":"https:\/\/plataformavoluntariat.org\/es\/wp-json\/wp\/v2\/types\/page"}],"author":[{"embeddable":true,"href":"https:\/\/plataformavoluntariat.org\/es\/wp-json\/wp\/v2\/users\/3"}],"replies":[{"embeddable":true,"href":"https:\/\/plataformavoluntariat.org\/es\/wp-json\/wp\/v2\/comments?post=16560"}],"version-history":[{"count":49,"href":"https:\/\/plataformavoluntariat.org\/es\/wp-json\/wp\/v2\/pages\/16560\/revisions"}],"predecessor-version":[{"id":19056,"href":"https:\/\/plataformavoluntariat.org\/es\/wp-json\/wp\/v2\/pages\/16560\/revisions\/19056"}],"wp:attachment":[{"href":"https:\/\/plataformavoluntariat.org\/es\/wp-json\/wp\/v2\/media?parent=16560"}],"curies":[{"name":"wp","href":"https:\/\/api.w.org\/{rel}","templated":true}]}}