{"id":16557,"date":"2024-07-15T11:01:08","date_gmt":"2024-07-15T10:01:08","guid":{"rendered":"https:\/\/plataformavoluntariat.org\/?page_id=16557"},"modified":"2024-07-17T12:30:04","modified_gmt":"2024-07-17T11:30:04","slug":"exposicion-entidades","status":"publish","type":"page","link":"https:\/\/plataformavoluntariat.org\/es\/exposicion-entidades\/","title":{"rendered":"Exposici\u00f3n Entidades"},"content":{"rendered":"<p>[et_pb_section fb_built=\u00bb1&#8243; _builder_version=\u00bb4.16&#8243; global_colors_info=\u00bb{}\u00bb theme_builder_area=\u00bbpost_content\u00bb][et_pb_row _builder_version=\u00bb4.16&#8243; background_size=\u00bbinitial\u00bb background_position=\u00bbtop_left\u00bb background_repeat=\u00bbrepeat\u00bb global_colors_info=\u00bb{}\u00bb theme_builder_area=\u00bbpost_content\u00bb][et_pb_column type=\u00bb4_4&#8243; _builder_version=\u00bb4.16&#8243; custom_padding=\u00bb|||\u00bb global_colors_info=\u00bb{}\u00bb custom_padding__hover=\u00bb|||\u00bb theme_builder_area=\u00bbpost_content\u00bb][et_pb_text _builder_version=\u00bb4.26.0&#8243; hover_enabled=\u00bb0&#8243; z_index_tablet=\u00bb500&#8243; text_text_shadow_horizontal_length_tablet=\u00bb0px\u00bb text_text_shadow_vertical_length_tablet=\u00bb0px\u00bb text_text_shadow_blur_strength_tablet=\u00bb1px\u00bb link_text_shadow_horizontal_length_tablet=\u00bb0px\u00bb link_text_shadow_vertical_length_tablet=\u00bb0px\u00bb link_text_shadow_blur_strength_tablet=\u00bb1px\u00bb ul_text_shadow_horizontal_length_tablet=\u00bb0px\u00bb ul_text_shadow_vertical_length_tablet=\u00bb0px\u00bb ul_text_shadow_blur_strength_tablet=\u00bb1px\u00bb ol_text_shadow_horizontal_length_tablet=\u00bb0px\u00bb ol_text_shadow_vertical_length_tablet=\u00bb0px\u00bb ol_text_shadow_blur_strength_tablet=\u00bb1px\u00bb quote_text_shadow_horizontal_length_tablet=\u00bb0px\u00bb quote_text_shadow_vertical_length_tablet=\u00bb0px\u00bb quote_text_shadow_blur_strength_tablet=\u00bb1px\u00bb header_text_shadow_horizontal_length_tablet=\u00bb0px\u00bb header_text_shadow_vertical_length_tablet=\u00bb0px\u00bb header_text_shadow_blur_strength_tablet=\u00bb1px\u00bb header_2_text_shadow_horizontal_length_tablet=\u00bb0px\u00bb header_2_text_shadow_vertical_length_tablet=\u00bb0px\u00bb header_2_text_shadow_blur_strength_tablet=\u00bb1px\u00bb header_3_text_shadow_horizontal_length_tablet=\u00bb0px\u00bb header_3_text_shadow_vertical_length_tablet=\u00bb0px\u00bb header_3_text_shadow_blur_strength_tablet=\u00bb1px\u00bb header_4_text_shadow_horizontal_length_tablet=\u00bb0px\u00bb header_4_text_shadow_vertical_length_tablet=\u00bb0px\u00bb header_4_text_shadow_blur_strength_tablet=\u00bb1px\u00bb header_5_text_shadow_horizontal_length_tablet=\u00bb0px\u00bb header_5_text_shadow_vertical_length_tablet=\u00bb0px\u00bb header_5_text_shadow_blur_strength_tablet=\u00bb1px\u00bb header_6_text_shadow_horizontal_length_tablet=\u00bb0px\u00bb header_6_text_shadow_vertical_length_tablet=\u00bb0px\u00bb header_6_text_shadow_blur_strength_tablet=\u00bb1px\u00bb box_shadow_horizontal_tablet=\u00bb0px\u00bb box_shadow_vertical_tablet=\u00bb0px\u00bb box_shadow_blur_tablet=\u00bb40px\u00bb box_shadow_spread_tablet=\u00bb0px\u00bb global_colors_info=\u00bb{}\u00bb theme_builder_area=\u00bbpost_content\u00bb sticky_enabled=\u00bb0&#8243;]<\/p>\n<p>Uno de los objetivos de la Plataforma del Voluntariat de les Illes Balears es dar a conocer a las entidades de voluntariado de nuestra comunidad aut\u00f3noma. En este sentido disponemos de distintos materiales de difusi\u00f3n tanto digitales como f\u00edsicos. Uno de estos materiales, del que puede disponer, es la exposici\u00f3n de entidades miembros de la PLAVIB.  <\/p>\n<p style=\"text-align: center;\"><b>EXPOSICI\u00d3N ENTIDADES DE VOLUNTARIADO<\/b><b> <\/b><\/p>\n<p><b>Descripci\u00f3n <\/b><\/p>\n<p><span style=\"font-weight: 400;\">La PLAVIB, formada por 50 entidades de voluntariado de las islas, tiene como herramienta de difusi\u00f3n y promoci\u00f3n del voluntariado la exposici\u00f3n de roll-up de gran parte de las entidades miembros. <\/span><\/p>\n<p><b>Informaci\u00f3n de la exposici\u00f3n <\/b><\/p>\n<p><span style=\"font-weight: 400;\">Cada uno de los \u201croll-up\u201d contiene informaci\u00f3n de una de las entidades<\/span> <span style=\"font-weight: 400;\">devoluntariado: la descripci\u00f3n de la entidad, el voluntariado que se<\/span> <span style=\"font-weight: 400;\">desarrolla, el perfil de personas voluntarias e informaci\u00f3n de <\/span> <span style=\"font-weight: 400;\">contacto. Adem\u00e1s, de im\u00e1genes y el logo de la entidad y el tel\u00e9fono de la l\u00ednea  <\/span><span style=\"font-weight: 400;\">gratuita de atenci\u00f3n al voluntariado de la PLAVIB <\/span><\/p>\n<p><b>Descripci\u00f3n del material <\/b><\/p>\n<p><span style=\"font-weight: 400;\">La exposici\u00f3n consta de unos 40 \u201croll-ups\u201d de entidades y uno de la Plataforma de Voluntariado, los cuales tienen estructura de aluminio y base por no tener que otro tipo de sujeci\u00f3n. Los \u201croll-up\u201d, tienen una de las caras que contiene la lona con la informaci\u00f3n y una cara donde est\u00e1 el palo que mantiene la estructura. Cada \u201croll up\u201d tiene las siguientes medidas: 200cm de alto x 85cm de ancho x 15cm de profundidad.   <\/span><\/p>\n<p><b>Disposici\u00f3n de la exposici\u00f3n <\/b><\/p>\n<p><span style=\"font-weight: 400;\">La exposici\u00f3n se puede organizar de diversas formas dada la versatilidad del material. <\/span><\/p>\n<p><span style=\"font-weight: 400;\">En una sola l\u00ednea, dejando la cara de la estructura pegada a la pared. Favorece que en una sola trayectoria pueda verse toda la informaci\u00f3n pero ocupa m\u00e1s espacio.  <\/span><\/p>\n<p><span style=\"font-weight: 400;\">En dos l\u00edneas, agrupamiento por parejas los \u201croll-ups\u201d, aferrando las dos caras de las estructuras. Ocupa menos espacios, pero las personas que quieran ver toda la exposici\u00f3n tendr\u00e1n que rodearla.  <\/span><\/p>\n<p><span style=\"font-weight: 400;\">Agrupadas en tres o cuatro, se pueden disponer en torno a columnas para no ocupar m\u00e1s espacio, dejando la parte de la estructura en la parte interna. Se adapta al espacio, ocupando poco, pero obliga a la persona a moverse para obtener toda la informaci\u00f3n de las entidades. <\/span><\/p>\n<p>Para solicitarla s\u00f3lo tiene que enviar un correo electr\u00f3nico a: <a href=\"mailto:plavib@plataformavoluntariat.org\">plavib@plataformavoluntariat.org.<\/a><\/p>\n<p>[\/et_pb_text][et_pb_gallery gallery_ids=\u00bb11365,11362,11363,11364&#8243; fullwidth=\u00bbon\u00bb _builder_version=\u00bb4.16&#8243; title_text_align=\u00bbcenter\u00bb pagination_text_align=\u00bbcenter\u00bb text_orientation=\u00bbcenter\u00bb width=\u00bb50%\u00bb module_alignment=\u00bbcenter\u00bb min_height=\u00bb302px\u00bb z_index_tablet=\u00bb500&#8243; title_text_shadow_horizontal_length_tablet=\u00bb0px\u00bb title_text_shadow_vertical_length_tablet=\u00bb0px\u00bb title_text_shadow_blur_strength_tablet=\u00bb1px\u00bb caption_text_shadow_horizontal_length_tablet=\u00bb0px\u00bb caption_text_shadow_vertical_length_tablet=\u00bb0px\u00bb caption_text_shadow_blur_strength_tablet=\u00bb1px\u00bb pagination_text_shadow_horizontal_length_tablet=\u00bb0px\u00bb pagination_text_shadow_vertical_length_tablet=\u00bb0px\u00bb pagination_text_shadow_blur_strength_tablet=\u00bb1px\u00bb box_shadow_horizontal_tablet=\u00bb0px\u00bb box_shadow_vertical_tablet=\u00bb0px\u00bb box_shadow_blur_tablet=\u00bb40px\u00bb box_shadow_spread_tablet=\u00bb0px\u00bb box_shadow_horizontal_image_tablet=\u00bb0px\u00bb box_shadow_vertical_image_tablet=\u00bb0px\u00bb box_shadow_blur_image_tablet=\u00bb40px\u00bb box_shadow_spread_image_tablet=\u00bb0px\u00bb text_shadow_horizontal_length_tablet=\u00bb0px\u00bb text_shadow_vertical_length_tablet=\u00bb0px\u00bb text_shadow_blur_strength_tablet=\u00bb1px\u00bb global_colors_info=\u00bb{}\u00bb theme_builder_area=\u00bbpost_content\u00bb][\/et_pb_gallery][\/et_pb_column][\/et_pb_row][\/et_pb_section]<\/p>\n","protected":false},"excerpt":{"rendered":"<p>Uno de los objetivos de la Plataforma del Voluntariat de les Illes Balears es dar a conocer a las entidades de voluntariado de nuestra comunidad aut\u00f3noma. En este sentido disponemos de distintos materiales de difusi\u00f3n tanto digitales como f\u00edsicos. Uno de estos materiales, del que puede disponer, es la exposici\u00f3n de entidades miembros de la PLAVIB. EXPOSICI\u00d3N ENTIDADES DE VOLUNTARIADO Descripci\u00f3n La PLAVIB, formada por 50 entidades de voluntariado de las islas, tiene como herramienta de difusi\u00f3n y promoci\u00f3n del voluntariado la exposici\u00f3n de roll-up de gran parte de las entidades miembros. Informaci\u00f3n de la exposici\u00f3n Cada uno de los \u201croll-up\u201d contiene informaci\u00f3n de una de las entidades devoluntariado: la descripci\u00f3n de la entidad, el voluntariado que se desarrolla, el perfil de personas voluntarias e informaci\u00f3n de contacto. Adem\u00e1s, de im\u00e1genes y el logo de la entidad y el tel\u00e9fono de la l\u00ednea gratuita de atenci\u00f3n al voluntariado de la PLAVIB Descripci\u00f3n del material La exposici\u00f3n consta de unos 40 \u201croll-ups\u201d de entidades y uno de la Plataforma de Voluntariado, los cuales tienen estructura de aluminio y base por no tener que otro tipo de sujeci\u00f3n. Los \u201croll-up\u201d, tienen una de las caras que contiene la lona con la informaci\u00f3n [&hellip;]<\/p>\n","protected":false},"author":3,"featured_media":0,"parent":0,"menu_order":0,"comment_status":"closed","ping_status":"closed","template":"","meta":{"_acf_changed":false,"_et_pb_use_builder":"on","_et_pb_old_content":"","_et_gb_content_width":"","_monsterinsights_skip_tracking":false,"_monsterinsights_sitenote_active":false,"_monsterinsights_sitenote_note":"","_monsterinsights_sitenote_category":0,"footnotes":""},"class_list":["post-16557","page","type-page","status-publish","hentry"],"acf":[],"_links":{"self":[{"href":"https:\/\/plataformavoluntariat.org\/es\/wp-json\/wp\/v2\/pages\/16557","targetHints":{"allow":["GET"]}}],"collection":[{"href":"https:\/\/plataformavoluntariat.org\/es\/wp-json\/wp\/v2\/pages"}],"about":[{"href":"https:\/\/plataformavoluntariat.org\/es\/wp-json\/wp\/v2\/types\/page"}],"author":[{"embeddable":true,"href":"https:\/\/plataformavoluntariat.org\/es\/wp-json\/wp\/v2\/users\/3"}],"replies":[{"embeddable":true,"href":"https:\/\/plataformavoluntariat.org\/es\/wp-json\/wp\/v2\/comments?post=16557"}],"version-history":[{"count":4,"href":"https:\/\/plataformavoluntariat.org\/es\/wp-json\/wp\/v2\/pages\/16557\/revisions"}],"predecessor-version":[{"id":16885,"href":"https:\/\/plataformavoluntariat.org\/es\/wp-json\/wp\/v2\/pages\/16557\/revisions\/16885"}],"wp:attachment":[{"href":"https:\/\/plataformavoluntariat.org\/es\/wp-json\/wp\/v2\/media?parent=16557"}],"curies":[{"name":"wp","href":"https:\/\/api.w.org\/{rel}","templated":true}]}}