{"id":16533,"date":"2024-07-11T12:14:34","date_gmt":"2024-07-11T11:14:34","guid":{"rendered":"https:\/\/plataformavoluntariat.org\/?page_id=16533"},"modified":"2026-03-19T14:31:49","modified_gmt":"2026-03-19T13:31:49","slug":"forma-parte-de-la-plataforma","status":"publish","type":"page","link":"https:\/\/plataformavoluntariat.org\/es\/forma-parte-de-la-plataforma\/","title":{"rendered":"Forma parte de la Plataforma"},"content":{"rendered":"<p>[et_pb_section fb_built=\u00bb1&#8243; fullwidth=\u00bbon\u00bb _builder_version=\u00bb4.16&#8243; global_colors_info=\u00bb{}\u00bb][et_pb_fullwidth_header title=\u00bbForma parte de la Plataforma\u00bb text_orientation=\u00bbcenter\u00bb _builder_version=\u00bb4.26.1&#8243; _module_preset=\u00bbdefault\u00bb title_font=\u00bb&#8211;et_global_heading_font|600|||||||\u00bb title_font_size=\u00bb50px\u00bb background_color=\u00bbRGBA(255,255,255,0)\u00bb background_image=\u00bbhttps:\/\/plataformavoluntariat.org\/wp-content\/uploads\/2024\/07\/Forma-part-1.png\u00bb parallax=\u00bbon\u00bb height_tablet=\u00bb\u00bb height_phone=\u00bb\u00bb height_last_edited=\u00bbon|phone\u00bb global_colors_info=\u00bb{}\u00bb][\/et_pb_fullwidth_header][\/et_pb_section][et_pb_section fb_built=\u00bb1&#8243; _builder_version=\u00bb4.16&#8243; global_colors_info=\u00bb{}\u00bb][et_pb_row _builder_version=\u00bb4.16&#8243; background_size=\u00bbinitial\u00bb background_position=\u00bbtop_left\u00bb background_repeat=\u00bbrepeat\u00bb global_colors_info=\u00bb{}\u00bb][et_pb_column type=\u00bb4_4&#8243; _builder_version=\u00bb4.16&#8243; custom_padding=\u00bb|||\u00bb global_colors_info=\u00bb{}\u00bb custom_padding__hover=\u00bb|||\u00bb][et_pb_text _builder_version=\u00bb4.27.4&#8243; z_index_tablet=\u00bb500&#8243; text_text_shadow_horizontal_length_tablet=\u00bb0px\u00bb text_text_shadow_vertical_length_tablet=\u00bb0px\u00bb text_text_shadow_blur_strength_tablet=\u00bb1px\u00bb link_text_shadow_horizontal_length_tablet=\u00bb0px\u00bb link_text_shadow_vertical_length_tablet=\u00bb0px\u00bb link_text_shadow_blur_strength_tablet=\u00bb1px\u00bb ul_text_shadow_horizontal_length_tablet=\u00bb0px\u00bb ul_text_shadow_vertical_length_tablet=\u00bb0px\u00bb ul_text_shadow_blur_strength_tablet=\u00bb1px\u00bb ol_text_shadow_horizontal_length_tablet=\u00bb0px\u00bb ol_text_shadow_vertical_length_tablet=\u00bb0px\u00bb ol_text_shadow_blur_strength_tablet=\u00bb1px\u00bb quote_text_shadow_horizontal_length_tablet=\u00bb0px\u00bb quote_text_shadow_vertical_length_tablet=\u00bb0px\u00bb quote_text_shadow_blur_strength_tablet=\u00bb1px\u00bb header_text_shadow_horizontal_length_tablet=\u00bb0px\u00bb header_text_shadow_vertical_length_tablet=\u00bb0px\u00bb header_text_shadow_blur_strength_tablet=\u00bb1px\u00bb header_2_text_shadow_horizontal_length_tablet=\u00bb0px\u00bb header_2_text_shadow_vertical_length_tablet=\u00bb0px\u00bb header_2_text_shadow_blur_strength_tablet=\u00bb1px\u00bb header_3_text_shadow_horizontal_length_tablet=\u00bb0px\u00bb header_3_text_shadow_vertical_length_tablet=\u00bb0px\u00bb header_3_text_shadow_blur_strength_tablet=\u00bb1px\u00bb header_4_text_shadow_horizontal_length_tablet=\u00bb0px\u00bb header_4_text_shadow_vertical_length_tablet=\u00bb0px\u00bb header_4_text_shadow_blur_strength_tablet=\u00bb1px\u00bb header_5_text_shadow_horizontal_length_tablet=\u00bb0px\u00bb header_5_text_shadow_vertical_length_tablet=\u00bb0px\u00bb header_5_text_shadow_blur_strength_tablet=\u00bb1px\u00bb header_6_text_shadow_horizontal_length_tablet=\u00bb0px\u00bb header_6_text_shadow_vertical_length_tablet=\u00bb0px\u00bb header_6_text_shadow_blur_strength_tablet=\u00bb1px\u00bb box_shadow_horizontal_tablet=\u00bb0px\u00bb box_shadow_vertical_tablet=\u00bb0px\u00bb box_shadow_blur_tablet=\u00bb40px\u00bb box_shadow_spread_tablet=\u00bb0px\u00bb global_colors_info=\u00bb{}\u00bb]<\/p>\n<h3><span style=\"color: #7a4183;\"><strong>\u00bfQu\u00e9 es la Plataforma del Voluntariado ?<\/strong><\/span><\/h3>\n<p>&nbsp;<\/p>\n<p>La Plataforma del Voluntariado de las Islas es una asociaci\u00f3n de entidades sin \u00e1nimo de lucro , con personalidad jur\u00eddica propia, independiente de la de sus asociados y con plena capacidad para el cumplimiento de sus fines .<\/p>\n<p>&nbsp;<\/p>\n<hr style=\"height: 2px; border: none; background-color: #b5d96f;\">\n<h3><\/h3>\n<p>&nbsp;<\/p>\n<h3><strong><span style=\"color: #7a4183;\">Cu\u00e1les son sus fines<\/span><\/strong><\/h3>\n<p>&nbsp;<\/p>\n<p>Tal y como establece el art\u00edculo 4 de sus estatutos la Plataforma las siguientes finalidades :<\/p>\n<ul>\n<li>Promover el voluntariado en la sociedad , y sensibilizar a \u00e9sta de su aportaci\u00f3n<\/li>\n<li>Intercambiar experiencias de trabajo y facilitar la colaboraci\u00f3n entre los componentes de la Plataforma y de otras plataformas establecidas en Espa\u00f1a.<\/li>\n<li>Estudiar la realidad jur\u00eddica existente y promover en consecuencia los marcos jur\u00eddicos que permitan potenciar el voluntariado.<\/li>\n<li>Participar de forma permanente la elaboraci\u00f3n de propuestas sobre pol\u00edticas y programas de voluntariado que desarrolle la administraci\u00f3n a todos los niveles.<\/li>\n<li>Servir de marco para la defensa de los intereses y la independencia de las entidades en su labor de promoci\u00f3n del voluntariado.<\/li>\n<li>Cualquier otra finalidad de fomento , desarrollo y fortalecimiento del voluntariado.<\/li>\n<\/ul>\n<p>&nbsp;<\/p>\n<hr style=\"height: 2px; border: none; background-color: #b5d96f;\">\n<h3><\/h3>\n<p>&nbsp;<\/p>\n<h3><span style=\"color: #7a4183;\"><strong>Actividades que se realizan desde la Plataforma<\/strong><\/span><\/h3>\n<p>&nbsp;<\/p>\n<p>Para alcanzar los objetivos marcados la Plataforma promueve y realiza actividades de formaci\u00f3n , asesoramiento y sensibilizaci\u00f3n sobre voluntariado. Tambi\u00e9n desarrolla encuentros, intercambios, talleres, seminarios y aquellas acciones que proponen las entidades miembros.<\/p>\n<p>&nbsp;<\/p>\n<hr style=\"height: 2px; border: none; background-color: #b5d96f;\">\n<h4><\/h4>\n<p>&nbsp;<\/p>\n<h3><span style=\"color: #7a4183;\"><strong>\u00bfQui\u00e9n puede formar parte de la Plataforma?<\/strong><\/span><\/h3>\n<p>&nbsp;<\/p>\n<p>Pueden formar parte de la Plataforma del Voluntariado de las Illes Balears todas las personas f\u00edsicas o jur\u00eddicas, que cumpliendo los requisitos exigidos y cumpliendo la normativa aplicable vigente, sean admitidas por la Asamblea general.<\/p>\n<p>&nbsp;<\/p>\n<hr style=\"height: 2px; border: none; background-color: #b5d96f;\">\n<h3><\/h3>\n<p>&nbsp;<\/p>\n<h3><strong><span style=\"color: #7a4183;\">Tipo de miembros<\/span><\/strong><\/h3>\n<p>&nbsp;<\/p>\n<p>MIEMBROS DE PLENO DERECHO; entidades privadas sin \u00e1nimo de lucro con personalidad jur\u00eddica propia que puedan acreditar servicio permanente de voluntariado, que cumplan las obligaciones normativas que respeten el c\u00f3digo \u00e9tico y que lleven, al menos, dos a\u00f1os en funcionamiento con voluntarios.<\/p>\n<p><strong>MIEMBROS ADHERIDOS<\/strong>; entidades sin animo de lucro que participan en la realizaci\u00f3n de algunos objetivos pero no pueden ser miembros de pleno derecho al no reunir alguno de los requisitos.<\/p>\n<p><strong>MIEMBROS COLABORADORES<\/strong>; personas fisicas o juridicas que colaboran en acciones puntuales de la Plataforma para conseguir uno o varios objetivos de esta.<\/p>\n<p>&nbsp;<\/p>\n<hr style=\"height: 2px; border: none; background-color: #b5d96f;\">\n<p>&nbsp;<\/p>\n<p>&nbsp;<\/p>\n<h3><span style=\"color: #7a4183;\"><strong>Deberes de los miembros<\/strong><\/span><\/h3>\n<p>&nbsp;<\/p>\n<p>Entre otros, ser\u00e1n deberes de las entidades miembros de la Plataforma:<\/p>\n<ul>\n<li>Participar en las actividades y \u00f3rganos de gobierno de la Plataforma<\/li>\n<li>Cumplir las responsabilidades adquiridas con la Plataforma, estando obligados al pago de la cuota anual que fija la Asamblea<\/li>\n<li>Suscribir el C\u00f3digo \u00c9tico de las organizaciones de Voluntariado y comprometerse con su cumplimiento.<\/li>\n<li>Para m\u00e1s informaci\u00f3n consultar los <a href=\"http:\/\/plataformavoluntariat.org\/ca\/qui-som\/estatuts-de-la-plataforma-del-voluntariat\/\" target=\"_blank\" rel=\"noopener noreferrer\">estatutos<\/a>.<\/li>\n<\/ul>\n<p>&nbsp;<\/p>\n<hr style=\"height: 2px; border: none; background-color: #b5d96f;\">\n<h3><\/h3>\n<p>&nbsp;<\/p>\n<h3><span style=\"color: #7a4183;\"><strong>Pasos a seguir para ser miembro de la Plataforma<\/strong><\/span><\/h3>\n<p>Si su entidad cumple los requisitos y desea formar parte de la Plataforma s\u00f3lo debes ;<\/p>\n<ol>\n<li>Acordar la entrada seg\u00fan los que establezcan vuestros estatutos.<\/li>\n<li>Enviar los siguientes documentos por la solicitud de nuevos miembros a la Plataforma (plataforma@plataformavoluntariat.org):\n<ol>\n<li>Solicitud de adhesi\u00f3n y aceptaci\u00f3n <a href=\"https:\/\/plataformavoluntariat.org\/wp-content\/uploads\/2025\/10\/Guia-Codi-Etic-de-la-Plataforma-del-Voluntariat-de-les-Illes-Balears.pdf\">c\u00f3digo \u00e9tico<\/a>. <a href=\"https:\/\/plataformavoluntariat.org\/wp-content\/uploads\/2026\/03\/Adhesio-Plataforma-del-Voluntariat-i-Acceptacio-Codi-Etic-26.pdf\" target=\"_blank\" rel=\"noopener\"><strong>Documento de adhesi\u00f3n<\/strong><\/a><\/li>\n<li>Acuerdo de la entidad: Certificado o acta de la junta directiva u organismo ejecutivo donde se acuerda la entrada en la Plataforma.<\/li>\n<li>Certificado del n\u00famero de personas voluntarias de la entidad.<\/li>\n<li>Memoria de actividades de la entidad del \u00faltimo a\u00f1o.<\/li>\n<li>Copia de los estatutos de la entidad.<\/li>\n<\/ol>\n<\/li>\n<li>Desde la secretar\u00eda t\u00e9cnica se revisa la documentaci\u00f3n y se lleva a la Comisi\u00f3n Ejecutiva que posteriormente podr\u00e1 proponer la entrada del nuevo miembro en la siguiente Asamblea.<\/li>\n<\/ol>\n<hr style=\"height: 2px; border: none; background-color: #b5d96f;\">\n<p>&nbsp;<\/p>\n<p>[\/et_pb_text][\/et_pb_column][\/et_pb_row][\/et_pb_section]<\/p>\n","protected":false},"excerpt":{"rendered":"<p>\u00bfQu\u00e9 es la Plataforma del Voluntariado ? &nbsp; La Plataforma del Voluntariado de las Islas es una asociaci\u00f3n de entidades sin \u00e1nimo de lucro , con personalidad jur\u00eddica propia, independiente de la de sus asociados y con plena capacidad para el cumplimiento de sus fines . &nbsp; &nbsp; Cu\u00e1les son sus fines &nbsp; Tal y como establece el art\u00edculo 4 de sus estatutos la Plataforma las siguientes finalidades : Promover el voluntariado en la sociedad , y sensibilizar a \u00e9sta de su aportaci\u00f3n Intercambiar experiencias de trabajo y facilitar la colaboraci\u00f3n entre los componentes de la Plataforma y de otras plataformas establecidas en Espa\u00f1a. Estudiar la realidad jur\u00eddica existente y promover en consecuencia los marcos jur\u00eddicos que permitan potenciar el voluntariado. Participar de forma permanente la elaboraci\u00f3n de propuestas sobre pol\u00edticas y programas de voluntariado que desarrolle la administraci\u00f3n a todos los niveles. Servir de marco para la defensa de los intereses y la independencia de las entidades en su labor de promoci\u00f3n del voluntariado. Cualquier otra finalidad de fomento , desarrollo y fortalecimiento del voluntariado. &nbsp; &nbsp; Actividades que se realizan desde la Plataforma &nbsp; Para alcanzar los objetivos marcados la Plataforma promueve y realiza actividades de formaci\u00f3n , [&hellip;]<\/p>\n","protected":false},"author":3,"featured_media":0,"parent":0,"menu_order":0,"comment_status":"closed","ping_status":"closed","template":"","meta":{"_acf_changed":false,"_et_pb_use_builder":"on","_et_pb_old_content":"","_et_gb_content_width":"","_monsterinsights_skip_tracking":false,"_monsterinsights_sitenote_active":false,"_monsterinsights_sitenote_note":"","_monsterinsights_sitenote_category":0,"footnotes":""},"class_list":["post-16533","page","type-page","status-publish","hentry"],"acf":[],"_links":{"self":[{"href":"https:\/\/plataformavoluntariat.org\/es\/wp-json\/wp\/v2\/pages\/16533","targetHints":{"allow":["GET"]}}],"collection":[{"href":"https:\/\/plataformavoluntariat.org\/es\/wp-json\/wp\/v2\/pages"}],"about":[{"href":"https:\/\/plataformavoluntariat.org\/es\/wp-json\/wp\/v2\/types\/page"}],"author":[{"embeddable":true,"href":"https:\/\/plataformavoluntariat.org\/es\/wp-json\/wp\/v2\/users\/3"}],"replies":[{"embeddable":true,"href":"https:\/\/plataformavoluntariat.org\/es\/wp-json\/wp\/v2\/comments?post=16533"}],"version-history":[{"count":16,"href":"https:\/\/plataformavoluntariat.org\/es\/wp-json\/wp\/v2\/pages\/16533\/revisions"}],"predecessor-version":[{"id":19028,"href":"https:\/\/plataformavoluntariat.org\/es\/wp-json\/wp\/v2\/pages\/16533\/revisions\/19028"}],"wp:attachment":[{"href":"https:\/\/plataformavoluntariat.org\/es\/wp-json\/wp\/v2\/media?parent=16533"}],"curies":[{"name":"wp","href":"https:\/\/api.w.org\/{rel}","templated":true}]}}