{"id":16365,"date":"2024-06-27T13:07:53","date_gmt":"2024-06-27T12:07:53","guid":{"rendered":"https:\/\/plataformavoluntariat.org\/acreditacion-de-competencias-programa-vol\/"},"modified":"2024-10-30T13:31:37","modified_gmt":"2024-10-30T12:31:37","slug":"acreditacion-de-competencias-programa-vol","status":"publish","type":"page","link":"https:\/\/plataformavoluntariat.org\/es\/acreditacion-de-competencias-programa-vol\/","title":{"rendered":"Acreditaci\u00f3n de Competencias &#8211; Programa Vol+"},"content":{"rendered":"<p>[et_pb_section fb_built=\u00bb1&#8243; fullwidth=\u00bbon\u00bb _builder_version=\u00bb4.25.2&#8243; _module_preset=\u00bbdefault\u00bb global_colors_info=\u00bb{}\u00bb][et_pb_nextend_smart_slider_3_fullwidth _builder_version=\u00bb4.25.2&#8243; _module_preset=\u00bbdefault\u00bb global_colors_info=\u00bb{}\u00bb][\/et_pb_nextend_smart_slider_3_fullwidth][et_pb_fullwidth_header title=\u00bbAcreditaci\u00f3n de Competencias\u00bb text_orientation=\u00bbcenter\u00bb _builder_version=\u00bb4.26.1&#8243; _module_preset=\u00bbdefault\u00bb title_font=\u00bb&#8211;et_global_heading_font|600|||||||\u00bb title_font_size=\u00bb50px\u00bb background_color=\u00bbRGBA(255,255,255,0)\u00bb background_image=\u00bbhttps:\/\/plataformavoluntariat.org\/wp-content\/uploads\/2024\/07\/Reconeixement-competencies.png\u00bb parallax=\u00bbon\u00bb height_tablet=\u00bb\u00bb height_phone=\u00bb\u00bb height_last_edited=\u00bbon|phone\u00bb global_colors_info=\u00bb{}\u00bb][\/et_pb_fullwidth_header][et_pb_nextend_smart_slider_3 _builder_version=\u00bb4.25.2&#8243; _module_preset=\u00bbdefault\u00bb global_colors_info=\u00bb{}\u00bb][\/et_pb_nextend_smart_slider_3][\/et_pb_section][et_pb_section fb_built=\u00bb1&#8243; fullwidth=\u00bbon\u00bb _builder_version=\u00bb4.26.1&#8243; _module_preset=\u00bbdefault\u00bb global_colors_info=\u00bb{}\u00bb][\/et_pb_section][et_pb_section fb_built=\u00bb1&#8243; _builder_version=\u00bb4.25.2&#8243; _module_preset=\u00bbdefault\u00bb global_colors_info=\u00bb{}\u00bb][et_pb_row column_structure=\u00bb3_4,1_4&#8243; _builder_version=\u00bb4.25.2&#8243; _module_preset=\u00bbdefault\u00bb global_colors_info=\u00bb{}\u00bb][et_pb_column type=\u00bb3_4&#8243; _builder_version=\u00bb4.25.2&#8243; _module_preset=\u00bbdefault\u00bb global_colors_info=\u00bb{}\u00bb][et_pb_text _builder_version=\u00bb4.25.2&#8243; _module_preset=\u00bbdefault\u00bb global_colors_info=\u00bb{}\u00bb]<\/p>\n<p>&nbsp;<\/p>\n<p>La realizaci\u00f3n de un proceso de <strong>acreditaci\u00f3n de competencias adquiridas en el voluntariado<\/strong> es un derecho de las personas voluntarias que <strong>deben facilitar las entidades de voluntariado<\/strong> all\u00e1 donde realizan su acci\u00f3n. Este proceso se enmarca dentro de la Recomendaci\u00f3n del Consejo de Europa sobre la validaci\u00f3n del aprendizaje no formal e informal (2012\/C 398\/01), as\u00ed como la ley 11\/2019, de Voluntariado de las Islas Baleares.<\/p>\n<p>Esta acreditaci\u00f3n, en caso de que se <strong>demuestren los conocimientos y habilidades aprendidas<\/strong>, permitir\u00e1 recibir un certificado que <strong>enriquecer\u00e1 el curr\u00edculo laboral<\/strong> de la persona voluntaria. La certificaci\u00f3n se entiende como una <strong>forma de reconocimiento del voluntariado<\/strong> como forma de desarrollo de competencias, visibilizar que la acci\u00f3n voluntaria promueve el desarrollo personal y la mejora de la ocupaci\u00f3n laboral de las personas voluntarias,<\/p>\n<p>Por eso, la Plataforma del Voluntariado de Espa\u00f1a y la Plataforma del Voluntariado de las Islas Baleares, ofrecen el <strong>programa Vol+.<\/strong> Las entidades de voluntariado pueden adscribirse sin coste al programa Vol+ y as\u00ed, cumpliendo con los deberes de las entidades de voluntariado, facilitar un sistema de acreditaci\u00f3n de competencias por sus voluntarios. Este programa puede llegar a acreditar 7 competencias transversales:  <\/p>\n<p>[\/et_pb_text][\/et_pb_column][et_pb_column type=\u00bb1_4&#8243; _builder_version=\u00bb4.25.2&#8243; _module_preset=\u00bbdefault\u00bb global_colors_info=\u00bb{}\u00bb][et_pb_image src=\u00bbhttps:\/\/plataformavoluntariat.org\/wp-content\/uploads\/2024\/06\/VOL.png\u00bb title_text=\u00bbVOL+\u00bb align=\u00bbcenter\u00bb _builder_version=\u00bb4.25.2&#8243; _module_preset=\u00bbdefault\u00bb animation_style=\u00bbflip\u00bb animation_direction=\u00bbleft\u00bb global_colors_info=\u00bb{}\u00bb][\/et_pb_image][et_pb_image src=\u00bbhttps:\/\/plataformavoluntariat.org\/wp-content\/uploads\/2024\/06\/PVE.png\u00bb title_text=\u00bbPVE\u00bb align=\u00bbcenter\u00bb _builder_version=\u00bb4.25.2&#8243; _module_preset=\u00bbdefault\u00bb animation_style=\u00bbflip\u00bb animation_direction=\u00bbleft\u00bb global_colors_info=\u00bb{}\u00bb][\/et_pb_image][\/et_pb_column][\/et_pb_row][et_pb_row column_structure=\u00bb1_3,1_3,1_3&#8243; _builder_version=\u00bb4.25.2&#8243; _module_preset=\u00bbdefault\u00bb animation_style=\u00bbflip\u00bb global_colors_info=\u00bb{}\u00bb][et_pb_column type=\u00bb1_3&#8243; _builder_version=\u00bb4.25.2&#8243; _module_preset=\u00bbdefault\u00bb global_colors_info=\u00bb{}\u00bb][et_pb_text _builder_version=\u00bb4.27.0&#8243; _module_preset=\u00bbdefault\u00bb background_color=\u00bb#FFFFFF\u00bb hover_enabled=\u00bb0&#8243; border_width_all=\u00bb2px\u00bb border_color_all=\u00bb#7A4183&#8243; global_colors_info=\u00bb{}\u00bb sticky_enabled=\u00bb0&#8243; text_text_color=\u00bb#7A4183&#8243; header_text_color=\u00bb#7A4183&#8243;]<\/p>\n<p><span style=\"text-decoration: underline;\"><strong>Competencias de autogesti\u00f3n<\/strong><\/span><\/p>\n<p><strong>&#8211; An\u00e1lisis y resoluci\u00f3n de problemas<\/strong><\/p>\n<p><strong>&#8211; Iniciativa y autonom\u00eda<\/strong><\/p>\n<p><strong>&#8211; Flexibilidad e innovaci\u00f3n<\/strong><\/p>\n<p>[\/et_pb_text][\/et_pb_column][et_pb_column type=\u00bb1_3&#8243; _builder_version=\u00bb4.25.2&#8243; _module_preset=\u00bbdefault\u00bb global_colors_info=\u00bb{}\u00bb][et_pb_text _builder_version=\u00bb4.27.0&#8243; _module_preset=\u00bbdefault\u00bb background_color=\u00bb#FFFFFF\u00bb hover_enabled=\u00bb0&#8243; border_width_all=\u00bb2px\u00bb border_color_all=\u00bb#7A4183&#8243; global_colors_info=\u00bb{}\u00bb text_text_color=\u00bb#7A4183&#8243; sticky_enabled=\u00bb0&#8243;]<\/p>\n<p><span style=\"text-decoration: underline;\"><strong>Competencias organizativas<\/strong><\/span><\/p>\n<p><strong>&#8211; Liderazgo de iniciativas<\/strong><\/p>\n<p><strong>&#8211; Planificaci\u00f3n y organizaci\u00f3n<\/strong><\/p>\n<p><strong><\/strong><\/p>\n<p><strong><\/strong><\/p>\n<p><span style=\"color: #ff0000;\"><strong><\/strong><\/span><\/p>\n<p>[\/et_pb_text][\/et_pb_column][et_pb_column type=\u00bb1_3&#8243; _builder_version=\u00bb4.25.2&#8243; _module_preset=\u00bbdefault\u00bb global_colors_info=\u00bb{}\u00bb][et_pb_text _builder_version=\u00bb4.27.0&#8243; _module_preset=\u00bbdefault\u00bb background_color=\u00bb#FFFFFF\u00bb hover_enabled=\u00bb0&#8243; border_width_all=\u00bb2px\u00bb border_color_all=\u00bb#7A4183&#8243; global_colors_info=\u00bb{}\u00bb text_text_color=\u00bb#7A4183&#8243; sticky_enabled=\u00bb0&#8243;]<\/p>\n<p><span style=\"text-decoration: underline;\"><strong>Competencias de comunicaci\u00f3n y relaciones personales<\/strong><\/span><\/p>\n<p><strong>&#8211; Comunicaci\u00f3n interpersonal<\/strong><\/p>\n<p><strong>&#8211; Trabajo con equipo<\/strong><\/p>\n<p><span style=\"color: #ffffff;\"><strong><\/strong><\/span><\/p>\n<p>[\/et_pb_text][\/et_pb_column][\/et_pb_row][et_pb_row _builder_version=\u00bb4.27.0&#8243; _module_preset=\u00bbdefault\u00bb min_height=\u00bb216.8px\u00bb][et_pb_column _builder_version=\u00bb4.27.0&#8243; _module_preset=\u00bbdefault\u00bb type=\u00bb4_4&#8243;][et_pb_divider _builder_version=\u00bb4.27.0&#8243; _module_preset=\u00bbdefault\u00bb hover_enabled=\u00bb0&#8243; sticky_enabled=\u00bb0&#8243;][\/et_pb_divider][\/et_pb_column][\/et_pb_row][et_pb_row _builder_version=\u00bb4.27.0&#8243; _module_preset=\u00bbdefault\u00bb min_height=\u00bb17px\u00bb][et_pb_column _builder_version=\u00bb4.27.0&#8243; _module_preset=\u00bbdefault\u00bb type=\u00bb4_4&#8243;][et_pb_text _builder_version=\u00bb4.27.0&#8243; _module_preset=\u00bbdefault\u00bb text_text_color=\u00bb#7A4183&#8243; header_text_color=\u00bb#7A4183&#8243; header_font=\u00bb|700|||||||\u00bb hover_enabled=\u00bb0&#8243; sticky_enabled=\u00bb0&#8243;]<\/p>\n<h1 style=\"text-align: center;\">Para m\u00e1s informaci\u00f3n<\/h1>\n<p>[\/et_pb_text][\/et_pb_column][\/et_pb_row][et_pb_row _builder_version=\u00bb4.27.0&#8243; _module_preset=\u00bbdefault\u00bb column_structure=\u00bb1_2,1_2&#8243; custom_padding=\u00bb|||0px||\u00bb][et_pb_column _builder_version=\u00bb4.27.0&#8243; _module_preset=\u00bbdefault\u00bb type=\u00bb1_2&#8243;][et_pb_button button_text=\u00bbEntidades de Voluntariado\u00bb _builder_version=\u00bb4.27.0&#8243; _module_preset=\u00bbdefault\u00bb hover_enabled=\u00bb0&#8243; sticky_enabled=\u00bb0&#8243; custom_button=\u00bbon\u00bb button_text_color=\u00bb#FFFFFF\u00bb button_border_color=\u00bb#7A4183&#8243; button_border_width=\u00bb2px\u00bb button_bg_color=\u00bb#7A4183&#8243; button_bg_enable_color=\u00bbon\u00bb button_alignment=\u00bbcenter\u00bb button_text_size=\u00bb27px\u00bb button_url=\u00bbhttps:\/\/plataformavoluntariat.org\/es\/acreditacion-de-competencias-programa-vol\/#entitats\u00bb button_icon=\u00bb&#x33;||divi||400&#8243; width=\u00bb323.9px\u00bb background_layout=\u00bbdark\u00bb][\/et_pb_button][\/et_pb_column][et_pb_column _builder_version=\u00bb4.27.0&#8243; _module_preset=\u00bbdefault\u00bb type=\u00bb1_2&#8243;][et_pb_button button_text=\u00bbPersonas Voluntarias\u00bb _builder_version=\u00bb4.27.0&#8243; _module_preset=\u00bbdefault\u00bb hover_enabled=\u00bb0&#8243; sticky_enabled=\u00bb0&#8243; custom_button=\u00bbon\u00bb button_text_color=\u00bb#FFFFFF\u00bb button_border_color=\u00bb#7A4183&#8243; button_border_width=\u00bb2px\u00bb button_bg_color=\u00bb#7A4183&#8243; button_bg_enable_color=\u00bbon\u00bb button_alignment=\u00bbcenter\u00bb button_text_size=\u00bb27px\u00bb button_url=\u00bbhttps:\/\/plataformavoluntariat.org\/es\/acreditacion-de-competencias-programa-vol\/#persones\u00bb button_icon=\u00bb&#x33;||divi||400&#8243; width=\u00bb323.9px\u00bb background_layout=\u00bbdark\u00bb][\/et_pb_button][\/et_pb_column][\/et_pb_row][\/et_pb_section][et_pb_section fb_built=\u00bb1&#8243; _builder_version=\u00bb4.27.0&#8243; _module_preset=\u00bbdefault\u00bb background_color=\u00bb#B5D96F\u00bb hover_enabled=\u00bb0&#8243; global_colors_info=\u00bb{}\u00bb module_id=\u00bbentitats\u00bb sticky_enabled=\u00bb0&#8243; custom_margin=\u00bb198px|||||\u00bb][et_pb_row _builder_version=\u00bb4.25.2&#8243; _module_preset=\u00bbdefault\u00bb background_color=\u00bb#B5D96F\u00bb global_colors_info=\u00bb{}\u00bb][et_pb_column type=\u00bb4_4&#8243; _builder_version=\u00bb4.25.2&#8243; _module_preset=\u00bbdefault\u00bb background_color=\u00bb#B5D96F\u00bb global_colors_info=\u00bb{}\u00bb][et_pb_text _builder_version=\u00bb4.27.0&#8243; _module_preset=\u00bbdefault\u00bb text_text_color=\u00bb#FFFFFF\u00bb header_font=\u00bb||||on|||#FFFFFF|\u00bb header_text_align=\u00bbcenter\u00bb header_text_color=\u00bb#FFFFFF\u00bb header_2_text_color=\u00bb#B5D96F\u00bb background_color=\u00bb#7A4183&#8243; width=\u00bb66%\u00bb module_alignment=\u00bbcenter\u00bb hover_enabled=\u00bb0&#8243; header_line_height_tablet=\u00bb\u00bb header_line_height_phone=\u00bb\u00bb header_line_height_last_edited=\u00bbon|desktop\u00bb border_width_all=\u00bb5px\u00bb border_color_all=\u00bb#7A4183&#8243; global_colors_info=\u00bb{}\u00bb header_line_height__hover_enabled=\u00bbon|desktop\u00bb sticky_enabled=\u00bb0&#8243;]<\/p>\n<h1 style=\"text-align: center;\"><strong>ENTIDADES DE VOLUNTARIADO<\/strong><\/h1>\n<p>[\/et_pb_text][\/et_pb_column][\/et_pb_row][et_pb_row column_structure=\u00bb3_5,2_5&#8243; _builder_version=\u00bb4.25.2&#8243; _module_preset=\u00bbdefault\u00bb global_colors_info=\u00bb{}\u00bb][et_pb_column type=\u00bb3_5&#8243; _builder_version=\u00bb4.25.2&#8243; _module_preset=\u00bbdefault\u00bb global_colors_info=\u00bb{}\u00bb][et_pb_text _builder_version=\u00bb4.25.2&#8243; _module_preset=\u00bbdefault\u00bb background_color=\u00bbRGBA(255,255,255,0)\u00bb global_colors_info=\u00bb{}\u00bb]<\/p>\n<p>&nbsp;<\/p>\n<p>Las personas voluntarias de las entidades que est\u00e9n adscritas al programa Vol+ podr\u00e1n solicitar a su entidad iniciar el proceso de acreditaci\u00f3n de competencias. <strong>La entidad deber\u00e1 asegurar que la persona voluntaria, sea seleccionable<\/strong> por esta certificaci\u00f3n seg\u00fan los siguientes criterios:<\/p>\n<ul>\n<li><strong>Tiempo de dedicaci\u00f3n y pertenencia a la entidad<\/strong>. Al menos la persona deber\u00e1 haber estado durante tres meses en la entidad o haber desarrollado 36 horas de acci\u00f3n voluntaria. <\/li>\n<li><strong>Tipo de voluntariado que desarrolla<\/strong>. Que \u00e9ste comporten tareas, funciones o responsabilidades que puedan implicar un aprendizaje. <\/li>\n<\/ul>\n<p> La <strong>labor de la entidad<\/strong> de voluntariado en este procedimiento, es la de <strong>selecci\u00f3n y contacto<\/strong> entre personas voluntarias y el programa Vol+. Iniciado el proceso, el papel de la entidad pasa a ser de orientaci\u00f3n y <strong>seguimiento puntual<\/strong>. De igual forma, recibir\u00e1 una copia del certificado  <\/p>\n<p>[\/et_pb_text][\/et_pb_column][et_pb_column type=\u00bb2_5&#8243; _builder_version=\u00bb4.25.2&#8243; _module_preset=\u00bbdefault\u00bb global_colors_info=\u00bb{}\u00bb][et_pb_image src=\u00bbhttps:\/\/plataformavoluntariat.org\/wp-content\/uploads\/2024\/06\/vol-1.png\u00bb title_text=\u00bbvol+ 1&#8243; _builder_version=\u00bb4.25.2&#8243; _module_preset=\u00bbdefault\u00bb animation_style=\u00bbzoom\u00bb global_colors_info=\u00bb{}\u00bb][\/et_pb_image][\/et_pb_column][\/et_pb_row][et_pb_row column_structure=\u00bb1_2,1_2&#8243; _builder_version=\u00bb4.25.2&#8243; _module_preset=\u00bbdefault\u00bb animation_style=\u00bbfold\u00bb animation_direction=\u00bbtop\u00bb global_colors_info=\u00bb{}\u00bb][et_pb_column type=\u00bb1_2&#8243; _builder_version=\u00bb4.25.2&#8243; _module_preset=\u00bbdefault\u00bb global_colors_info=\u00bb{}\u00bb][et_pb_text _builder_version=\u00bb4.25.2&#8243; _module_preset=\u00bbdefault\u00bb border_width_all=\u00bb2px\u00bb border_color_all=\u00bb#7A4183&#8243; global_colors_info=\u00bb{}\u00bb]<\/p>\n<p><strong>SI ERES UNA <span style=\"text-decoration: underline;\">ENTIDAD MIEMBRO<\/span> DE LA PLATAFORMA DEL VOLUNTARIADO<\/strong><\/p>\n<p>Para participar del programa Vol+, la Plataforma del Voluntariat debe inscribir su entidad en el sistema Voluncloud. Contacta por correo electr\u00f3nico para que desde la Secretar\u00eda T\u00e9cnica te den de alta en el Vol+ y recibir el contacto de los t\u00e9cnicos responsables del programa. <\/p>\n<p>[\/et_pb_text][et_pb_text _builder_version=\u00bb4.25.2&#8243; _module_preset=\u00bbdefault\u00bb text_font=\u00bb|700|||||||\u00bb text_text_color=\u00bb#FFFFFF\u00bb background_color=\u00bb#7A4183&#8243; width=\u00bb18%\u00bb module_alignment=\u00bbcenter\u00bb border_width_all=\u00bb5px\u00bb border_color_all=\u00bb#7A4183&#8243; border_style_all=\u00bboutset\u00bb global_colors_info=\u00bb{}\u00bb]<\/p>\n<p style=\"text-align: center;\"><span style=\"color: #ffffff;\"><a href=\"mailto:plavib@plataformavoluntariat.org?subject=Incorporaci%C3%B3%20de%20l'entitat%20al%20Sistema%20Vol+%20d'Acreditaci%C3%B3%20de%20Compet%C3%A8ncies\" style=\"color: #ffffff;\" target=\"_blank\" rel=\"noopener\">Contacta<\/a><\/span><\/p>\n<p>[\/et_pb_text][\/et_pb_column][et_pb_column type=\u00bb1_2&#8243; _builder_version=\u00bb4.25.2&#8243; _module_preset=\u00bbdefault\u00bb global_colors_info=\u00bb{}\u00bb][et_pb_text _builder_version=\u00bb4.25.2&#8243; _module_preset=\u00bbdefault\u00bb border_width_all=\u00bb2px\u00bb border_color_all=\u00bb#7A4183&#8243; global_colors_info=\u00bb{}\u00bb]<\/p>\n<p><strong>SI ERES UNA ENTIDAD DE VOLUNTARIADO QUE <span style=\"text-decoration: underline;\">NO <\/span> PARTICIPA EN LA PLATAFORMA DEL VOLUNTARIADO DESDE LAS ILLES BALEARS <\/strong><\/p>\n<p>Para participar en el programa Vol+ deber\u00e1s inscribirte enviando el formulario que encontrar\u00e1s en la p\u00e1gina web del programa de acreditaci\u00f3n.<\/p>\n<p style=\"text-align: center;\"><a href=\"https:\/\/plataformavoluntariado.org\/inscripcion-ong\/\" target=\"_blank\" rel=\"noopener\" title=\"Incorporaci\u00f3n de Entidades al Vol+\"><strong>Programa Vol+ Web PVE<\/strong><\/a><\/p>\n<p style=\"text-align: center;\">\n<p>[\/et_pb_text][\/et_pb_column][\/et_pb_row][\/et_pb_section][et_pb_section fb_built=\u00bb1&#8243; _builder_version=\u00bb4.27.0&#8243; _module_preset=\u00bbdefault\u00bb background_color=\u00bb#7A4183&#8243; hover_enabled=\u00bb0&#8243; global_colors_info=\u00bb{}\u00bb module_id=\u00bbpersones\u00bb sticky_enabled=\u00bb0&#8243;][et_pb_row _builder_version=\u00bb4.25.2&#8243; _module_preset=\u00bbdefault\u00bb background_color=\u00bb#7A4183&#8243; global_colors_info=\u00bb{}\u00bb][et_pb_column type=\u00bb4_4&#8243; _builder_version=\u00bb4.25.2&#8243; _module_preset=\u00bbdefault\u00bb background_color=\u00bb#7A4183&#8243; global_colors_info=\u00bb{}\u00bb][et_pb_text _builder_version=\u00bb4.25.2&#8243; _module_preset=\u00bbdefault\u00bb text_text_color=\u00bb#000000&#8243; header_font=\u00bb||||on|||#000000|\u00bb header_text_align=\u00bbcenter\u00bb header_text_color=\u00bb#000000&#8243; header_2_text_color=\u00bb#B5D96F\u00bb background_color=\u00bb#B5D96F\u00bb width=\u00bb66%\u00bb module_alignment=\u00bbcenter\u00bb header_line_height_tablet=\u00bb\u00bb header_line_height_phone=\u00bb\u00bb header_line_height_last_edited=\u00bbon|desktop\u00bb border_width_all=\u00bb5px\u00bb border_color_all=\u00bb#B5D96F\u00bb global_colors_info=\u00bb{}\u00bb header_line_height__hover_enabled=\u00bbon|desktop\u00bb]<\/p>\n<h1 style=\"text-align: center;\"><strong>PERSONAS VOLUNTARIAS<\/strong><\/h1>\n<p>[\/et_pb_text][\/et_pb_column][\/et_pb_row][et_pb_row column_structure=\u00bb1_2,1_2&#8243; _builder_version=\u00bb4.25.2&#8243; _module_preset=\u00bbdefault\u00bb global_colors_info=\u00bb{}\u00bb][et_pb_column type=\u00bb1_2&#8243; _builder_version=\u00bb4.25.2&#8243; _module_preset=\u00bbdefault\u00bb global_colors_info=\u00bb{}\u00bb][et_pb_text _builder_version=\u00bb4.25.2&#8243; _module_preset=\u00bbdefault\u00bb text_text_color=\u00bb#FFFFFF\u00bb background_color=\u00bbRGBA(255,255,255,0)\u00bb global_colors_info=\u00bb{}\u00bb]<\/p>\n<p>&nbsp;<\/p>\n<p>Tu <strong>entidad de voluntariado debe facilitarte un proceso<\/strong> de acreditaci\u00f3n de competencias v\u00e1lido para reconocer las habilidades y conocimientos adquiridos durante la realizaci\u00f3n de tu voluntariado. Si tu entidad no tiene ning\u00fan sistema de acreditaci\u00f3n de competencias, una persona <strong>responsable del voluntariado puede adscribirse al programa Vol+<\/strong> en el siguiente enlace: <\/p>\n<p style=\"text-align: center;\"><span style=\"text-decoration: underline; color: #ffffff;\"><a href=\"https:\/\/plataformavoluntariado.org\/inscripcion-ong\/\" target=\"_blank\" rel=\"noopener\" style=\"color: #ffffff;\"><strong>Incorporaci\u00f3n de Entidades al Vol+<\/strong><\/a><\/span><\/p>\n<p> La realizaci\u00f3n del proceso <strong>no implica una acreditaci\u00f3n directo<\/strong> de las competencias, sino que \u00e9stas se pueden valorar en <strong>diferentes de aprendizaje<\/strong>:<\/p>\n<ol>\n<li>Principiante*<\/li>\n<li>Aprendiz*<\/li>\n<li><strong>Competente<\/strong><\/li>\n<li><strong>Avanzado<\/strong><\/li>\n<li><strong>Experto<\/strong><\/li>\n<\/ol>\n<blockquote>\n<p>* Niveles no certificables.<\/p>\n<\/blockquote>\n<p>El Vol+ acredita <strong>7 competencias transversales<\/strong> que se tendr\u00e1n que acreditar por parte de la persona voluntaria con el apoyo y el acompa\u00f1amiento de una persona tutora del sistema Vol+, quien guiar\u00e1 el procedimiento y asegurar\u00e1 la adquisici\u00f3n de estas competencias.<\/p>\n<p>El proceso de acreditaci\u00f3n dura entre <strong>dos y tres meses<\/strong> y tiene una dedicaci\u00f3n de entre 5 y 35h, seg\u00fan las competencias que se quieran acreditar.<\/p>\n<p>[\/et_pb_text][\/et_pb_column][et_pb_column type=\u00bb1_2&#8243; _builder_version=\u00bb4.25.2&#8243; _module_preset=\u00bbdefault\u00bb global_colors_info=\u00bb{}\u00bb][et_pb_image src=\u00bbhttps:\/\/plataformavoluntariat.org\/wp-content\/uploads\/2024\/06\/fases-proceso-PV-Illes-Balears.png\u00bb title_text=\u00bbfases proceso PV-Illes-Balears\u00bb _builder_version=\u00bb4.25.2&#8243; _module_preset=\u00bbdefault\u00bb animation_style=\u00bbslide\u00bb global_colors_info=\u00bb{}\u00bb][\/et_pb_image][\/et_pb_column][\/et_pb_row][\/et_pb_section]<\/p>\n","protected":false},"excerpt":{"rendered":"<p>&nbsp; La realizaci\u00f3n de un proceso de acreditaci\u00f3n de competencias adquiridas en el voluntariado es un derecho de las personas voluntarias que deben facilitar las entidades de voluntariado all\u00e1 donde realizan su acci\u00f3n. Este proceso se enmarca dentro de la Recomendaci\u00f3n del Consejo de Europa sobre la validaci\u00f3n del aprendizaje no formal e informal (2012\/C 398\/01), as\u00ed como la ley 11\/2019, de Voluntariado de las Islas Baleares. Esta acreditaci\u00f3n, en caso de que se demuestren los conocimientos y habilidades aprendidas, permitir\u00e1 recibir un certificado que enriquecer\u00e1 el curr\u00edculo laboral de la persona voluntaria. La certificaci\u00f3n se entiende como una forma de reconocimiento del voluntariado como forma de desarrollo de competencias, visibilizar que la acci\u00f3n voluntaria promueve el desarrollo personal y la mejora de la ocupaci\u00f3n laboral de las personas voluntarias, Por eso, la Plataforma del Voluntariado de Espa\u00f1a y la Plataforma del Voluntariado de las Islas Baleares, ofrecen el programa Vol+. Las entidades de voluntariado pueden adscribirse sin coste al programa Vol+ y as\u00ed, cumpliendo con los deberes de las entidades de voluntariado, facilitar un sistema de acreditaci\u00f3n de competencias por sus voluntarios. Este programa puede llegar a acreditar 7 competencias transversales: Competencias de autogesti\u00f3n &#8211; An\u00e1lisis y resoluci\u00f3n de [&hellip;]<\/p>\n","protected":false},"author":3,"featured_media":0,"parent":0,"menu_order":0,"comment_status":"closed","ping_status":"closed","template":"","meta":{"_acf_changed":false,"_et_pb_use_builder":"on","_et_pb_old_content":"","_et_gb_content_width":"","_monsterinsights_skip_tracking":false,"_monsterinsights_sitenote_active":false,"_monsterinsights_sitenote_note":"","_monsterinsights_sitenote_category":0,"footnotes":""},"class_list":["post-16365","page","type-page","status-publish","hentry"],"acf":[],"_links":{"self":[{"href":"https:\/\/plataformavoluntariat.org\/es\/wp-json\/wp\/v2\/pages\/16365","targetHints":{"allow":["GET"]}}],"collection":[{"href":"https:\/\/plataformavoluntariat.org\/es\/wp-json\/wp\/v2\/pages"}],"about":[{"href":"https:\/\/plataformavoluntariat.org\/es\/wp-json\/wp\/v2\/types\/page"}],"author":[{"embeddable":true,"href":"https:\/\/plataformavoluntariat.org\/es\/wp-json\/wp\/v2\/users\/3"}],"replies":[{"embeddable":true,"href":"https:\/\/plataformavoluntariat.org\/es\/wp-json\/wp\/v2\/comments?post=16365"}],"version-history":[{"count":21,"href":"https:\/\/plataformavoluntariat.org\/es\/wp-json\/wp\/v2\/pages\/16365\/revisions"}],"predecessor-version":[{"id":17425,"href":"https:\/\/plataformavoluntariat.org\/es\/wp-json\/wp\/v2\/pages\/16365\/revisions\/17425"}],"wp:attachment":[{"href":"https:\/\/plataformavoluntariat.org\/es\/wp-json\/wp\/v2\/media?parent=16365"}],"curies":[{"name":"wp","href":"https:\/\/api.w.org\/{rel}","templated":true}]}}