{"id":15361,"date":"2019-07-15T10:09:41","date_gmt":"2019-07-15T09:09:41","guid":{"rendered":"https:\/\/plataformavoluntariat.org\/buscador\/"},"modified":"2025-05-02T11:35:32","modified_gmt":"2025-05-02T10:35:32","slug":"buscador","status":"publish","type":"page","link":"https:\/\/plataformavoluntariat.org\/es\/buscador\/","title":{"rendered":"buscador"},"content":{"rendered":"<p>[et_pb_section fb_built=\u00bb1&#8243; _builder_version=\u00bb4.23.1&#8243; _module_preset=\u00bbdefault\u00bb background_color=\u00bb#000000&#8243; background_image=\u00bbhttps:\/\/plataformavoluntariat.org\/wp-content\/uploads\/2019\/07\/Manual-identitat-corporatiu-PLATAFORMA-14.jpg\u00bb global_colors_info=\u00bb{}\u00bb][et_pb_row _builder_version=\u00bb4.23.1&#8243; _module_preset=\u00bbdefault\u00bb global_colors_info=\u00bb{}\u00bb][et_pb_column type=\u00bb4_4&#8243; _builder_version=\u00bb4.23.1&#8243; _module_preset=\u00bbdefault\u00bb global_colors_info=\u00bb{}\u00bb][et_pb_text _builder_version=\u00bb4.23.1&#8243; _module_preset=\u00bbdefault\u00bb header_font=\u00bbRoboto Slab||||||||\u00bb header_text_align=\u00bbcenter\u00bb header_text_color=\u00bb#FFFFFF\u00bb header_font_size=\u00bb42px\u00bb background_color=\u00bbRGBA(255,255,255,0)\u00bb global_colors_info=\u00bb{}\u00bb]<\/p>\n<h1>Buscador del voluntariado<\/h1>\n<p>[\/et_pb_text][\/et_pb_column][\/et_pb_row][et_pb_row column_structure=\u00bb3_4,1_4&#8243; _builder_version=\u00bb4.23.4&#8243; _module_preset=\u00bbdefault\u00bb global_colors_info=\u00bb{}\u00bb][et_pb_column type=\u00bb3_4&#8243; _builder_version=\u00bb4.23.4&#8243; _module_preset=\u00bbdefault\u00bb global_colors_info=\u00bb{}\u00bb][et_pb_text _builder_version=\u00bb4.23.4&#8243; _module_preset=\u00bbdefault\u00bb text_font=\u00bbRoboto Slab||||||||\u00bb text_text_color=\u00bb#FFFFFF\u00bb text_font_size=\u00bb22px\u00bb background_color=\u00bbRGBA(255,255,255,0)\u00bb text_orientation=\u00bbcenter\u00bb custom_padding=\u00bb||4px|||\u00bb global_colors_info=\u00bb{}\u00bb]<\/p>\n<p>\u00a1Consulta las ofertas de voluntariado y solicita m\u00e1s informaci\u00f3n!<\/p>\n<p>Conocer m\u00e1s de los <span style=\"color: #b5d96f;\"><a href=\"https:\/\/drive.google.com\/file\/d\/0B78r1_N4y9l8dzFickVtbzNpT2c\/view?resourcekey=0-RkUS2aKHJY3ZAXbcCNEhqA\" target=\"_blank\" rel=\"noopener\" style=\"color: #b5d96f;\">\u00c1MBIT0S DEL VOLUNTARIADO<\/a><\/span>.<\/p>\n<p>[\/et_pb_text][\/et_pb_column][et_pb_column type=\u00bb1_4&#8243; _builder_version=\u00bb4.23.4&#8243; _module_preset=\u00bbdefault\u00bb global_colors_info=\u00bb{}\u00bb][et_pb_text _builder_version=\u00bb4.23.4&#8243; _module_preset=\u00bbdefault\u00bb text_text_color=\u00bb#FFFFFF\u00bb background_enable_color=\u00bboff\u00bb global_colors_info=\u00bb{}\u00bb]Buscador con el apoyo de:[\/et_pb_text][et_pb_image src=\u00bbhttps:\/\/plataformavoluntariat.org\/wp-content\/uploads\/2019\/06\/logo-vector-caixa-pollenca.png\u00bb title_text=\u00bblogo-vector-caixa-pollenca\u00bb _builder_version=\u00bb4.23.4&#8243; _module_preset=\u00bbdefault\u00bb width=\u00bb66%\u00bb global_colors_info=\u00bb{}\u00bb][\/et_pb_image][\/et_pb_column][\/et_pb_row][\/et_pb_section][et_pb_section fb_built=\u00bb1&#8243; _builder_version=\u00bb4.23.1&#8243; _module_preset=\u00bbdefault\u00bb global_colors_info=\u00bb{}\u00bb][et_pb_row column_structure=\u00bb1_4,3_4&#8243; _builder_version=\u00bb4.23.1&#8243; _module_preset=\u00bbdefault\u00bb width=\u00bb90%\u00bb max_width=\u00bb100%\u00bb global_colors_info=\u00bb{}\u00bb][et_pb_column type=\u00bb1_4&#8243; _builder_version=\u00bb4.23.1&#8243; _module_preset=\u00bbdefault\u00bb global_colors_info=\u00bb{}\u00bb][et_pb_de_mach_filter_posts filter_update_type=\u00bbupdate_field\u00bb scrollto=\u00bbon\u00bb reset_text=\u00bbNeteja\u00bb _builder_version=\u00bb4.23.4&#8243; _module_preset=\u00bbdefault\u00bb filter_headings_font=\u00bbRoboto Slab|600|||||||\u00bb filter_headings_text_color=\u00bb#7A4183&#8243; form_field_font=\u00bbOpen Sans||||||||\u00bb form_field_font_size=\u00bb14px\u00bb custom_reset_filter=\u00bbon\u00bb reset_filter_text_color=\u00bb#FFFFFF\u00bb custom_filter_params=\u00bbon\u00bb global_colors_info=\u00bb{}\u00bb][et_pb_de_mach_search_posts_item title=\u00bbMunicipios\u00bb filter_post_type=\u00bbtaxonomy\u00bb custom_tax_choose=\u00bbmunicipi\u00bb post_type_choose=\u00bboferta\u00bb acf_filter_type=\u00bbradio\u00bb field_id=\u00bbField_9_2&#8243; radio_select=\u00bbcheckbox\u00bb radio_style=\u00bbtick_box\u00bb radio_all_text=\u00bbTots\u00bb cat_sub_collapsible=\u00bbon\u00bb cat_sub_collapsible_prevent=\u00bboff\u00bb cat_sub_collapsible_all=\u00bbon\u00bb _builder_version=\u00bb4.21.0&#8243; _module_preset=\u00bbdefault\u00bb global_colors_info=\u00bb{}\u00bb][\/et_pb_de_mach_search_posts_item][et_pb_de_mach_search_posts_item title=\u00bbhorario\u00bb filter_post_type=\u00bbtaxonomy\u00bb custom_tax_choose=\u00bbhorari\u00bb post_type_choose=\u00bboferta\u00bb acf_filter_type=\u00bbradio\u00bb field_id=\u00bbField_7&#8243; radio_select=\u00bbcheckbox\u00bb radio_style=\u00bbtick_box\u00bb radio_all_text=\u00bbTots\u00bb _builder_version=\u00bb4.21.0&#8243; _module_preset=\u00bbdefault\u00bb global_colors_info=\u00bb{}\u00bb][\/et_pb_de_mach_search_posts_item][et_pb_de_mach_search_posts_item title=\u00bbdias\u00bb filter_post_type=\u00bbtaxonomy\u00bb custom_tax_choose=\u00bbdia\u00bb post_type_choose=\u00bboferta\u00bb acf_filter_type=\u00bbradio\u00bb taxonomy_order=\u00bbid\u00bb field_id=\u00bbField_8&#8243; radio_select=\u00bbcheckbox\u00bb radio_style=\u00bbtick_box\u00bb radio_all_text=\u00bbTots\u00bb _builder_version=\u00bb4.21.0&#8243; _module_preset=\u00bbdefault\u00bb global_colors_info=\u00bb{}\u00bb][\/et_pb_de_mach_search_posts_item][et_pb_de_mach_search_posts_item title=\u00bbambito\u00bb filter_post_type=\u00bbtaxonomy\u00bb custom_tax_choose=\u00bbambit\u00bb post_type_choose=\u00bboferta\u00bb acf_filter_type=\u00bbradio\u00bb field_id=\u00bbField_6&#8243; radio_select=\u00bbcheckbox\u00bb radio_style=\u00bbtick_box\u00bb radio_all_text=\u00bbTots\u00bb _builder_version=\u00bb4.21.0&#8243; _module_preset=\u00bbdefault\u00bb global_colors_info=\u00bb{}\u00bb][\/et_pb_de_mach_search_posts_item][et_pb_de_mach_search_posts_item title=\u00bbdestinatarios\u00bb filter_post_type=\u00bbtaxonomy\u00bb custom_tax_choose=\u00bbdestinataris\u00bb post_type_choose=\u00bboferta\u00bb acf_filter_type=\u00bbradio\u00bb field_id=\u00bbField_9&#8243; radio_select=\u00bbcheckbox\u00bb radio_style=\u00bbtick_box\u00bb radio_all_text=\u00bbTots\u00bb filter_limit=\u00bbon\u00bb filter_limit_height=\u00bb195px\u00bb filter_limit_show_more_text=\u00bbVeure m\u00e9s\u00bb filter_limit_show_less_text=\u00bbVeure menys\u00bb _builder_version=\u00bb4.21.0&#8243; _module_preset=\u00bbdefault\u00bb global_colors_info=\u00bb{}\u00bb][\/et_pb_de_mach_search_posts_item][et_pb_de_mach_search_posts_item title=\u00bbEntidad\u00bb filter_post_type=\u00bbtaxonomy\u00bb custom_tax_choose=\u00bbentitat\u00bb post_type_choose=\u00bboferta\u00bb field_id=\u00bbField_6_2&#8243; select_placeholder=\u00bb&#8211; Selecciona opci\u00f3 &#8212;  \u00bb _builder_version=\u00bb4.23.4&#8243; _module_preset=\u00bbdefault\u00bb global_colors_info=\u00bb{}\u00bb][\/et_pb_de_mach_search_posts_item][\/et_pb_de_mach_filter_posts][\/et_pb_column][et_pb_column type=\u00bb3_4&#8243; _builder_version=\u00bb4.23.1&#8243; _module_preset=\u00bbdefault\u00bb global_colors_info=\u00bb{}\u00bb][et_pb_de_mach_archive_loop post_type_choose=\u00bboferta\u00bb loop_layout=\u00bb12400&#8243; animation_color=\u00bb#7A4183&#8243; order_asc_desc=\u00bbDESC\u00bb enable_loadmore=\u00bbinfinite\u00bb equal_height=\u00bbon\u00bb align_last_bottom=\u00bboff\u00bb columns=\u00bb3&#8243; _builder_version=\u00bb4.27.2&#8243; _module_preset=\u00bbdefault\u00bb hover_enabled=\u00bb0&#8243; global_colors_info=\u00bb{}\u00bb loading_bg_color=\u00bbRGBA(255,255,255,0)\u00bb filter_update_animation=\u00bbload-3&#8243; sticky_enabled=\u00bb0&#8243;][\/et_pb_de_mach_archive_loop][\/et_pb_column][\/et_pb_row][\/et_pb_section]<\/p>\n","protected":false},"excerpt":{"rendered":"<p>Buscador del voluntariado\u00a1Consulta las ofertas de voluntariado y solicita m\u00e1s informaci\u00f3n! Conocer m\u00e1s de los \u00c1MBIT0S DEL VOLUNTARIADO.Buscador con el apoyo de:<\/p>\n","protected":false},"author":3,"featured_media":0,"parent":0,"menu_order":0,"comment_status":"closed","ping_status":"closed","template":"","meta":{"_acf_changed":false,"_et_pb_use_builder":"on","_et_pb_old_content":"","_et_gb_content_width":"","_monsterinsights_skip_tracking":false,"_monsterinsights_sitenote_active":false,"_monsterinsights_sitenote_note":"","_monsterinsights_sitenote_category":0,"footnotes":""},"class_list":["post-15361","page","type-page","status-publish","hentry"],"acf":[],"_links":{"self":[{"href":"https:\/\/plataformavoluntariat.org\/es\/wp-json\/wp\/v2\/pages\/15361","targetHints":{"allow":["GET"]}}],"collection":[{"href":"https:\/\/plataformavoluntariat.org\/es\/wp-json\/wp\/v2\/pages"}],"about":[{"href":"https:\/\/plataformavoluntariat.org\/es\/wp-json\/wp\/v2\/types\/page"}],"author":[{"embeddable":true,"href":"https:\/\/plataformavoluntariat.org\/es\/wp-json\/wp\/v2\/users\/3"}],"replies":[{"embeddable":true,"href":"https:\/\/plataformavoluntariat.org\/es\/wp-json\/wp\/v2\/comments?post=15361"}],"version-history":[{"count":43,"href":"https:\/\/plataformavoluntariat.org\/es\/wp-json\/wp\/v2\/pages\/15361\/revisions"}],"predecessor-version":[{"id":18038,"href":"https:\/\/plataformavoluntariat.org\/es\/wp-json\/wp\/v2\/pages\/15361\/revisions\/18038"}],"wp:attachment":[{"href":"https:\/\/plataformavoluntariat.org\/es\/wp-json\/wp\/v2\/media?parent=15361"}],"curies":[{"name":"wp","href":"https:\/\/api.w.org\/{rel}","templated":true}]}}